{"id":1665,"date":"2020-07-14T20:00:40","date_gmt":"2020-07-14T18:00:40","guid":{"rendered":"http:\/\/www.regatacrucero.com\/?page_id=1665"},"modified":"2020-10-17T11:17:58","modified_gmt":"2020-10-17T09:17:58","slug":"adjuntar-modificaciones-o-erratas-de-la-inscripcion","status":"publish","type":"page","link":"https:\/\/www.regatacrucero.com\/index.php\/adjuntar-modificaciones-o-erratas-de-la-inscripcion\/","title":{"rendered":"Adjuntar modificaciones o erratas de la inscripci\u00f3n"},"content":{"rendered":"\t\t<div data-elementor-type=\"wp-page\" data-elementor-id=\"1665\" class=\"elementor elementor-1665\" data-elementor-settings=\"[]\">\n\t\t\t\t\t\t<div class=\"elementor-inner\">\n\t\t\t\t\t\t\t<div class=\"elementor-section-wrap\">\n\t\t\t\t\t\t\t<section class=\"elementor-section elementor-top-section elementor-element elementor-element-0c39541 elementor-section-boxed elementor-section-height-default elementor-section-height-default\" data-id=\"0c39541\" data-element_type=\"section\">\n\t\t\t\t\t\t<div class=\"elementor-container elementor-column-gap-default\">\n\t\t\t\t\t\t\t<div class=\"elementor-row\">\n\t\t\t\t\t<div class=\"elementor-column elementor-col-100 elementor-top-column elementor-element elementor-element-fe51a76\" data-id=\"fe51a76\" data-element_type=\"column\">\n\t\t\t<div class=\"elementor-column-wrap elementor-element-populated\">\n\t\t\t\t\t\t\t<div class=\"elementor-widget-wrap\">\n\t\t\t\t\t\t<div class=\"elementor-element elementor-element-d207c04 elementor-widget elementor-widget-heading\" data-id=\"d207c04\" data-element_type=\"widget\" data-widget_type=\"heading.default\">\n\t\t\t\t<div class=\"elementor-widget-container\">\n\t\t\t<h2 class=\"elementor-heading-title elementor-size-small\">S\u00f3lo se permite un tama\u00f1o m\u00e1ximo de 8MB por archivo siendo los \u00fanicos tipos permitidos jpg, pdf, gif, docx<\/h2>\t\t<\/div>\n\t\t\t\t<\/div>\n\t\t\t\t\t\t<\/div>\n\t\t\t\t\t<\/div>\n\t\t<\/div>\n\t\t\t\t\t\t\t\t<\/div>\n\t\t\t\t\t<\/div>\n\t\t<\/section>\n\t\t\t\t<section class=\"elementor-section elementor-top-section elementor-element elementor-element-d7b7a37 elementor-section-boxed elementor-section-height-default elementor-section-height-default\" data-id=\"d7b7a37\" data-element_type=\"section\">\n\t\t\t\t\t\t<div class=\"elementor-container elementor-column-gap-default\">\n\t\t\t\t\t\t\t<div class=\"elementor-row\">\n\t\t\t\t\t<div class=\"elementor-column elementor-col-100 elementor-top-column elementor-element elementor-element-761dc13\" data-id=\"761dc13\" data-element_type=\"column\">\n\t\t\t<div class=\"elementor-column-wrap elementor-element-populated\">\n\t\t\t\t\t\t\t<div class=\"elementor-widget-wrap\">\n\t\t\t\t\t\t<div class=\"elementor-element elementor-element-67ed9f8 elementor-button-align-stretch elementor-widget elementor-widget-form\" data-id=\"67ed9f8\" data-element_type=\"widget\" data-settings=\"{&quot;button_width&quot;:&quot;100&quot;,&quot;step_next_label&quot;:&quot;Next&quot;,&quot;step_previous_label&quot;:&quot;Previous&quot;,&quot;step_type&quot;:&quot;number_text&quot;,&quot;step_icon_shape&quot;:&quot;circle&quot;}\" data-widget_type=\"form.default\">\n\t\t\t\t<div class=\"elementor-widget-container\">\n\t\t\t\t\t<form class=\"elementor-form\" method=\"post\" name=\"New Form\">\n\t\t\t<input type=\"hidden\" name=\"post_id\" value=\"1665\"\/>\n\t\t\t<input type=\"hidden\" name=\"form_id\" value=\"67ed9f8\"\/>\n\t\t\t<input type=\"hidden\" name=\"referer_title\" value=\"\" \/>\n\n\t\t\t\n\t\t\t<div class=\"elementor-form-fields-wrapper elementor-labels-above\">\n\t\t\t\t\t\t\t\t<div class=\"elementor-field-type-text elementor-field-group elementor-column elementor-field-group- elementor-col-100\">\n\t\t\t\t\t<label for=\"form-field-\" class=\"elementor-field-label\">Nombre de la embarcaci\u00f3n<\/label><input size=\"1\" type=\"text\" name=\"form_fields[]\" id=\"form-field-\" class=\"elementor-field elementor-size-sm  elementor-field-textual\" placeholder=\"Nombre de la embarcaci\u00f3n\">\t\t\t\t<\/div>\n\t\t\t\t\t\t\t\t<div class=\"elementor-field-type-email elementor-field-group elementor-column elementor-field-group- elementor-col-100 elementor-field-required\">\n\t\t\t\t\t<label for=\"form-field-\" class=\"elementor-field-label\">Email<\/label><input size=\"1\" type=\"email\" name=\"form_fields[]\" id=\"form-field-\" class=\"elementor-field elementor-size-sm  elementor-field-textual\" placeholder=\"Email\" required=\"required\" aria-required=\"true\">\t\t\t\t<\/div>\n\t\t\t\t\t\t\t\t<div class=\"elementor-field-type-text elementor-field-group elementor-column elementor-field-group- elementor-col-100 elementor-field-required\">\n\t\t\t\t\t<label for=\"form-field-\" class=\"elementor-field-label\">Motivo de la modificaci\u00f3n o errata<\/label><input size=\"1\" type=\"text\" name=\"form_fields[]\" id=\"form-field-\" class=\"elementor-field elementor-size-sm  elementor-field-textual\" placeholder=\"Motivo de la modificaci\u00f3n o errata\" required=\"required\" aria-required=\"true\">\t\t\t\t<\/div>\n\t\t\t\t\t\t\t\t<div class=\"elementor-field-type-upload elementor-field-group elementor-column elementor-field-group- elementor-col-100\">\n\t\t\t\t\t<label for=\"form-field-\" class=\"elementor-field-label\">Adjuntar modificaci\u00f3n o errata<\/label><input type=\"file\" name=\"form_fields[]\" id=\"form-field-\" class=\"elementor-field elementor-size-sm  elementor-upload-field\" data-maxsize=\"8\" data-maxsize-message=\"This file exceeds the maximum allowed size.\">\t\t\t\t<\/div>\n\t\t\t\t\t\t\t\t<div class=\"elementor-field-type-upload elementor-field-group elementor-column elementor-field-group- elementor-col-100\">\n\t\t\t\t\t<label for=\"form-field-\" class=\"elementor-field-label\">Adjuntar modificaci\u00f3n o errata<\/label><input type=\"file\" name=\"form_fields[]\" id=\"form-field-\" class=\"elementor-field elementor-size-sm  elementor-upload-field\">\t\t\t\t<\/div>\n\t\t\t\t\t\t\t\t<div class=\"elementor-field-type-upload elementor-field-group elementor-column elementor-field-group- elementor-col-100\">\n\t\t\t\t\t<label for=\"form-field-\" class=\"elementor-field-label\">Adjuntar modificaci\u00f3n o errata<\/label><input type=\"file\" name=\"form_fields[]\" id=\"form-field-\" class=\"elementor-field elementor-size-sm  elementor-upload-field\">\t\t\t\t<\/div>\n\t\t\t\t\t\t\t\t<div class=\"elementor-field-type-recaptcha elementor-field-group elementor-column elementor-field-group- elementor-col-100\">\n\t\t\t\t\t<div class=\"elementor-field\" id=\"form-field-\"><div class=\"elementor-g-recaptcha\" data-sitekey=\"6LcVNukUAAAAANIwobV8a8W7WsJpkk42bxQjqilW\" data-type=\"v2_checkbox\" data-theme=\"light\" data-size=\"normal\"><\/div><\/div>\t\t\t\t<\/div>\n\t\t\t\t\t\t\t\t<div class=\"elementor-field-group elementor-column elementor-field-type-submit elementor-col-100 e-form__buttons\">\n\t\t\t\t\t<button type=\"submit\" class=\"elementor-button elementor-size-sm\">\n\t\t\t\t\t\t<span >\n\t\t\t\t\t\t\t\t\t\t\t\t\t\t\t<span class=\" elementor-button-icon\">\n\t\t\t\t\t\t\t\t\t\t\t\t\t\t\t\t\t\t\t\t\t\t\t\t\t\t<\/span>\n\t\t\t\t\t\t\t\t\t\t\t\t\t\t\t\t\t\t\t\t\t\t<span class=\"elementor-button-text\">Send<\/span>\n\t\t\t\t\t\t\t\t\t\t\t\t\t<\/span>\n\t\t\t\t\t<\/button>\n\t\t\t\t<\/div>\n\t\t\t<\/div>\n\t\t<\/form>\n\t\t\t\t<\/div>\n\t\t\t\t<\/div>\n\t\t\t\t\t\t<\/div>\n\t\t\t\t\t<\/div>\n\t\t<\/div>\n\t\t\t\t\t\t\t\t<\/div>\n\t\t\t\t\t<\/div>\n\t\t<\/section>\n\t\t\t\t\t\t<\/div>\n\t\t\t\t\t\t<\/div>\n\t\t\t\t\t<\/div>\n\t\t","protected":false},"excerpt":{"rendered":"<p>S\u00f3lo se permite un tama\u00f1o m\u00e1ximo de 8MB por archivo siendo los \u00fanicos tipos permitidos jpg, pdf, gif, docx<\/p>\n","protected":false},"author":2,"featured_media":0,"parent":0,"menu_order":0,"comment_status":"closed","ping_status":"closed","template":"","meta":{"_monsterinsights_skip_tracking":false,"_monsterinsights_sitenote_active":false,"_monsterinsights_sitenote_note":"","_monsterinsights_sitenote_category":0,"footnotes":""},"class_list":["post-1665","page","type-page","status-publish","hentry"],"_links":{"self":[{"href":"https:\/\/www.regatacrucero.com\/index.php\/wp-json\/wp\/v2\/pages\/1665","targetHints":{"allow":["GET"]}}],"collection":[{"href":"https:\/\/www.regatacrucero.com\/index.php\/wp-json\/wp\/v2\/pages"}],"about":[{"href":"https:\/\/www.regatacrucero.com\/index.php\/wp-json\/wp\/v2\/types\/page"}],"author":[{"embeddable":true,"href":"https:\/\/www.regatacrucero.com\/index.php\/wp-json\/wp\/v2\/users\/2"}],"replies":[{"embeddable":true,"href":"https:\/\/www.regatacrucero.com\/index.php\/wp-json\/wp\/v2\/comments?post=1665"}],"version-history":[{"count":6,"href":"https:\/\/www.regatacrucero.com\/index.php\/wp-json\/wp\/v2\/pages\/1665\/revisions"}],"predecessor-version":[{"id":2411,"href":"https:\/\/www.regatacrucero.com\/index.php\/wp-json\/wp\/v2\/pages\/1665\/revisions\/2411"}],"wp:attachment":[{"href":"https:\/\/www.regatacrucero.com\/index.php\/wp-json\/wp\/v2\/media?parent=1665"}],"curies":[{"name":"wp","href":"https:\/\/api.w.org\/{rel}","templated":true}]}}