{"id":219,"date":"2024-12-09T18:51:00","date_gmt":"2024-12-09T16:51:00","guid":{"rendered":"http:\/\/www.regatacrucero.com\/?page_id=219"},"modified":"2026-02-11T09:16:42","modified_gmt":"2026-02-11T07:16:42","slug":"xviii-regata-playas-de-punta-umbria-del-20-al-21-de-junio","status":"publish","type":"page","link":"https:\/\/www.regatacrucero.com\/index.php\/vi-liga-interclubes-de-cruceros-bahia-de-huelva-2020\/xviii-regata-playas-de-punta-umbria-del-20-al-21-de-junio\/","title":{"rendered":"XXIV Regata Playas de Punta Umbr\u00eda. 9 de mayo de 2026"},"content":{"rendered":"\t\t<div data-elementor-type=\"wp-post\" data-elementor-id=\"219\" class=\"elementor elementor-219\" data-elementor-settings=\"[]\">\n\t\t\t\t\t\t<div class=\"elementor-inner\">\n\t\t\t\t\t\t\t<div class=\"elementor-section-wrap\">\n\t\t\t\t\t\t\t<section class=\"elementor-section elementor-top-section elementor-element elementor-element-e446919 elementor-section-boxed elementor-section-height-default elementor-section-height-default\" data-id=\"e446919\" data-element_type=\"section\">\n\t\t\t\t\t\t<div class=\"elementor-container elementor-column-gap-default\">\n\t\t\t\t\t\t\t<div class=\"elementor-row\">\n\t\t\t\t\t<div class=\"elementor-column elementor-col-100 elementor-top-column elementor-element elementor-element-2c27f89\" data-id=\"2c27f89\" data-element_type=\"column\">\n\t\t\t<div class=\"elementor-column-wrap elementor-element-populated\">\n\t\t\t\t\t\t\t<div class=\"elementor-widget-wrap\">\n\t\t\t\t\t\t<div class=\"elementor-element elementor-element-dbe9ccb elementor-widget elementor-widget-bdt-tabs\" data-id=\"dbe9ccb\" data-element_type=\"widget\" data-widget_type=\"bdt-tabs.default\">\n\t\t\t\t<div class=\"elementor-widget-container\">\n\t\t\t\t\t<div id=\"bdt-tabs-dbe9ccb\" class=\"bdt-tabs bdt-tabs-default\">\n\t\t\t\n\t\t\t\n\t\t\t\t\t<div >\n\t\t\t<div >\n\t\t\t\t<div class=\"bdt-tab bdt-tab-default bdt-flex-center\" bdt-tab=\"connect: #bdt-tab-content-dbe9ccb;\">\n\t\t\t\t\t\t\t\t\t\t\t<div class=\"bdt-tabs-item bdt-active\">\n\t\t\t\t\t\t\t<a class=\"bdt-tabs-item-title\" href=\"#\" id=\"bdt-tab-anuncios\" data-tab-index=\"0\">\n\t\t\t\t\t\t\t\t<div class=\"bdt-tab-text-wrapper bdt-flex-column\">\n\n\t\t\t\t\t\t\t\t\t<div class=\"bdt-tab-title-icon-wrapper\">\n\n\t\t\t\t\t\t\t\t\t\t\t\t\t\t\t\t\t\t\t\t\t<span class=\"bdt-button-icon-align-left\">\n\n\t\t\t\t\t\t\t\t\t\t\t\t<i aria-hidden=\"true\" class=\"fa-fw far fa-file-alt\"><\/i>\n\t\t\t\t\t\t\t\t\t\t\t<\/span>\n\t\t\t\t\t\t\t\t\t\t\n\t\t\t\t\t\t\t\t\t\t\t\t\t\t\t\t\t\t\t\t\t<span class=\"bdt-tab-text\">Anuncios<\/span>\n\t\t\t\t\t\t\t\t\t\t\n\t\t\t\t\t\t\t\t\t\t\n\t\t\t\t\t\t\t\t\t<\/div>\n\n\t\t\t\t\t\t\t\t\t\n\t\t\t\t\t\t\t\t<\/div>\n\t\t\t\t\t\t\t<\/a>\n\t\t\t\t\t\t<\/div>\n\t\t\t\t\t\t\t\t\t\t\t<div class=\"bdt-tabs-item\">\n\t\t\t\t\t\t\t<a class=\"bdt-tabs-item-title\" href=\"#\" id=\"bdt-tab-instrucciones\" data-tab-index=\"1\">\n\t\t\t\t\t\t\t\t<div class=\"bdt-tab-text-wrapper bdt-flex-column\">\n\n\t\t\t\t\t\t\t\t\t<div class=\"bdt-tab-title-icon-wrapper\">\n\n\t\t\t\t\t\t\t\t\t\t\t\t\t\t\t\t\t\t\t\t\t<span class=\"bdt-button-icon-align-left\">\n\n\t\t\t\t\t\t\t\t\t\t\t\t<i aria-hidden=\"true\" class=\"fa-fw far fa-map\"><\/i>\n\t\t\t\t\t\t\t\t\t\t\t<\/span>\n\t\t\t\t\t\t\t\t\t\t\n\t\t\t\t\t\t\t\t\t\t\t\t\t\t\t\t\t\t\t\t\t<span class=\"bdt-tab-text\">Instrucciones<\/span>\n\t\t\t\t\t\t\t\t\t\t\n\t\t\t\t\t\t\t\t\t\t\n\t\t\t\t\t\t\t\t\t<\/div>\n\n\t\t\t\t\t\t\t\t\t\n\t\t\t\t\t\t\t\t<\/div>\n\t\t\t\t\t\t\t<\/a>\n\t\t\t\t\t\t<\/div>\n\t\t\t\t\t\t\t\t\t\t\t<div class=\"bdt-tabs-item\">\n\t\t\t\t\t\t\t<a class=\"bdt-tabs-item-title\" href=\"#\" id=\"bdt-tab-inscritos\" data-tab-index=\"2\">\n\t\t\t\t\t\t\t\t<div class=\"bdt-tab-text-wrapper bdt-flex-column\">\n\n\t\t\t\t\t\t\t\t\t<div class=\"bdt-tab-title-icon-wrapper\">\n\n\t\t\t\t\t\t\t\t\t\t\t\t\t\t\t\t\t\t\t\t\t<span class=\"bdt-button-icon-align-left\">\n\n\t\t\t\t\t\t\t\t\t\t\t\t<i aria-hidden=\"true\" class=\"fa-fw far fa-list-alt\"><\/i>\n\t\t\t\t\t\t\t\t\t\t\t<\/span>\n\t\t\t\t\t\t\t\t\t\t\n\t\t\t\t\t\t\t\t\t\t\t\t\t\t\t\t\t\t\t\t\t<span class=\"bdt-tab-text\">Inscritos<\/span>\n\t\t\t\t\t\t\t\t\t\t\n\t\t\t\t\t\t\t\t\t\t\n\t\t\t\t\t\t\t\t\t<\/div>\n\n\t\t\t\t\t\t\t\t\t\n\t\t\t\t\t\t\t\t<\/div>\n\t\t\t\t\t\t\t<\/a>\n\t\t\t\t\t\t<\/div>\n\t\t\t\t\t\t\t\t\t\t\t<div class=\"bdt-tabs-item\">\n\t\t\t\t\t\t\t<a class=\"bdt-tabs-item-title\" href=\"#\" id=\"bdt-tab-resultados\" data-tab-index=\"3\">\n\t\t\t\t\t\t\t\t<div class=\"bdt-tab-text-wrapper bdt-flex-column\">\n\n\t\t\t\t\t\t\t\t\t<div class=\"bdt-tab-title-icon-wrapper\">\n\n\t\t\t\t\t\t\t\t\t\t\t\t\t\t\t\t\t\t\t\t\t<span class=\"bdt-button-icon-align-left\">\n\n\t\t\t\t\t\t\t\t\t\t\t\t<i aria-hidden=\"true\" class=\"fa-fw fas fa-trophy\"><\/i>\n\t\t\t\t\t\t\t\t\t\t\t<\/span>\n\t\t\t\t\t\t\t\t\t\t\n\t\t\t\t\t\t\t\t\t\t\t\t\t\t\t\t\t\t\t\t\t<span class=\"bdt-tab-text\">Resultados<\/span>\n\t\t\t\t\t\t\t\t\t\t\n\t\t\t\t\t\t\t\t\t\t\n\t\t\t\t\t\t\t\t\t<\/div>\n\n\t\t\t\t\t\t\t\t\t\n\t\t\t\t\t\t\t\t<\/div>\n\t\t\t\t\t\t\t<\/a>\n\t\t\t\t\t\t<\/div>\n\t\t\t\t\t\t\t\t\t\t\t<div class=\"bdt-tabs-item\">\n\t\t\t\t\t\t\t<a class=\"bdt-tabs-item-title\" href=\"#\" id=\"bdt-tab-toa\" data-tab-index=\"4\">\n\t\t\t\t\t\t\t\t<div class=\"bdt-tab-text-wrapper bdt-flex-column\">\n\n\t\t\t\t\t\t\t\t\t<div class=\"bdt-tab-title-icon-wrapper\">\n\n\t\t\t\t\t\t\t\t\t\t\t\t\t\t\t\t\t\t\t\t\t<span class=\"bdt-button-icon-align-left\">\n\n\t\t\t\t\t\t\t\t\t\t\t\t<i aria-hidden=\"true\" class=\"fa-fw fas fa-clipboard-list\"><\/i>\n\t\t\t\t\t\t\t\t\t\t\t<\/span>\n\t\t\t\t\t\t\t\t\t\t\n\t\t\t\t\t\t\t\t\t\t\t\t\t\t\t\t\t\t\t\t\t<span class=\"bdt-tab-text\">T.O.A<\/span>\n\t\t\t\t\t\t\t\t\t\t\n\t\t\t\t\t\t\t\t\t\t\n\t\t\t\t\t\t\t\t\t<\/div>\n\n\t\t\t\t\t\t\t\t\t\n\t\t\t\t\t\t\t\t<\/div>\n\t\t\t\t\t\t\t<\/a>\n\t\t\t\t\t\t<\/div>\n\t\t\t\t\t\t\t\t\t\t\t<div class=\"bdt-tabs-item\">\n\t\t\t\t\t\t\t<a class=\"bdt-tabs-item-title\" href=\"#\" id=\"bdt-tab-media\" data-tab-index=\"5\">\n\t\t\t\t\t\t\t\t<div class=\"bdt-tab-text-wrapper bdt-flex-column\">\n\n\t\t\t\t\t\t\t\t\t<div class=\"bdt-tab-title-icon-wrapper\">\n\n\t\t\t\t\t\t\t\t\t\t\t\t\t\t\t\t\t\t\t\t\t<span class=\"bdt-button-icon-align-left\">\n\n\t\t\t\t\t\t\t\t\t\t\t\t<i aria-hidden=\"true\" class=\"fa-fw fas fa-photo-video\"><\/i>\n\t\t\t\t\t\t\t\t\t\t\t<\/span>\n\t\t\t\t\t\t\t\t\t\t\n\t\t\t\t\t\t\t\t\t\t\t\t\t\t\t\t\t\t\t\t\t<span class=\"bdt-tab-text\">Media<\/span>\n\t\t\t\t\t\t\t\t\t\t\n\t\t\t\t\t\t\t\t\t\t\n\t\t\t\t\t\t\t\t\t<\/div>\n\n\t\t\t\t\t\t\t\t\t\n\t\t\t\t\t\t\t\t<\/div>\n\t\t\t\t\t\t\t<\/a>\n\t\t\t\t\t\t<\/div>\n\t\t\t\t\t\t\t\t\t\t\t<div class=\"bdt-tabs-item\">\n\t\t\t\t\t\t\t<a class=\"bdt-tabs-item-title\" href=\"#\" id=\"bdt-tab-formulario-de-preinscripcin\" data-tab-index=\"6\">\n\t\t\t\t\t\t\t\t<div class=\"bdt-tab-text-wrapper bdt-flex-column\">\n\n\t\t\t\t\t\t\t\t\t<div class=\"bdt-tab-title-icon-wrapper\">\n\n\t\t\t\t\t\t\t\t\t\t\t\t\t\t\t\t\t\t\t\t\t<span class=\"bdt-button-icon-align-left\">\n\n\t\t\t\t\t\t\t\t\t\t\t\t<i aria-hidden=\"true\" class=\"fa-fw fas fa-prescription-bottle\"><\/i>\n\t\t\t\t\t\t\t\t\t\t\t<\/span>\n\t\t\t\t\t\t\t\t\t\t\n\t\t\t\t\t\t\t\t\t\t\t\t\t\t\t\t\t\t\t\t\t<span class=\"bdt-tab-text\">Formulario de preinscripci\u00f3n<\/span>\n\t\t\t\t\t\t\t\t\t\t\n\t\t\t\t\t\t\t\t\t\t\n\t\t\t\t\t\t\t\t\t<\/div>\n\n\t\t\t\t\t\t\t\t\t\n\t\t\t\t\t\t\t\t<\/div>\n\t\t\t\t\t\t\t<\/a>\n\t\t\t\t\t\t<\/div>\n\t\t\t\t\t\t\t\t\t\t\t<div class=\"bdt-tabs-item\">\n\t\t\t\t\t\t\t<a class=\"bdt-tabs-item-title\" href=\"#\" id=\"bdt-tab-certificados-orc-barcos-inscritos\" data-tab-index=\"7\">\n\t\t\t\t\t\t\t\t<div class=\"bdt-tab-text-wrapper bdt-flex-column\">\n\n\t\t\t\t\t\t\t\t\t<div class=\"bdt-tab-title-icon-wrapper\">\n\n\t\t\t\t\t\t\t\t\t\t\t\t\t\t\t\t\t\t\t\t\t<span class=\"bdt-button-icon-align-left\">\n\n\t\t\t\t\t\t\t\t\t\t\t\t<i aria-hidden=\"true\" class=\"fa-fw fas fa-atlas\"><\/i>\n\t\t\t\t\t\t\t\t\t\t\t<\/span>\n\t\t\t\t\t\t\t\t\t\t\n\t\t\t\t\t\t\t\t\t\t\t\t\t\t\t\t\t\t\t\t\t<span class=\"bdt-tab-text\">Certificados ORC Barcos inscritos<\/span>\n\t\t\t\t\t\t\t\t\t\t\n\t\t\t\t\t\t\t\t\t\t\n\t\t\t\t\t\t\t\t\t<\/div>\n\n\t\t\t\t\t\t\t\t\t\n\t\t\t\t\t\t\t\t<\/div>\n\t\t\t\t\t\t\t<\/a>\n\t\t\t\t\t\t<\/div>\n\t\t\t\t\t\t\t\t\t<\/div>\n\t\t\t<\/div>\n\t\t<\/div>\n\t\t\t\t\t\n\n\t\t\t\t\t\t\t\t\n\t\t<div class=\"bdt-switcher-wrapper\">\n\t\t\t<div id=\"bdt-tab-content-dbe9ccb\" class=\"bdt-switcher bdt-switcher-item-content\">\n\t\t\t\t\t\t\t\t\t<div>\n\t\t\t\t\t\t<div>\n\t\t\t\t\t\t\t\t\t\t\t\t\t<\/div>\n\t\t\t\t\t<\/div>\n\t\t\t\t\t\t\t\t\t<div>\n\t\t\t\t\t\t<div>\n\t\t\t\t\t\t\t<ul><li><span style=\"color: #ff0000;\"><b>Pr\u00f3ximamente<\/b><\/span><span style=\"color: #ff0000;\"><br \/><\/span><\/li><\/ul>\t\t\t\t\t\t<\/div>\n\t\t\t\t\t<\/div>\n\t\t\t\t\t\t\t\t\t<div>\n\t\t\t\t\t\t<div>\n\t\t\t\t\t\t\t<ul><li><span style=\"color: #ff0000;\"><b>Pr\u00f3ximamente<\/b><\/span><strong><br \/><\/strong><\/li><\/ul>\t\t\t\t\t\t<\/div>\n\t\t\t\t\t<\/div>\n\t\t\t\t\t\t\t\t\t<div>\n\t\t\t\t\t\t<div>\n\t\t\t\t\t\t\t<p><a href=\"https:\/\/www.regatacrucero.com\/index.php\/resultados-xx-regata-playas-de-punta-umbria-junio-de-2022\/\"><span style=\"color: #999999;\"><strong>Resultados<\/strong><\/span><\/a><\/p>\t\t\t\t\t\t<\/div>\n\t\t\t\t\t<\/div>\n\t\t\t\t\t\t\t\t\t<div>\n\t\t\t\t\t\t<div>\n\t\t\t\t\t\t\t<ul><li><a href=\"http:\/\/www.regatacrucero.com\/index.php\/formularios-papeleria-de-regata\"><strong><span style=\"color: #999999;\">Formularios Papeler\u00eda de la\u00a0 Regata<\/span><\/strong><\/a><\/li><li><a href=\"https:\/\/www.regatacrucero.com\/index.php\/protocolos-covid-19\"><span style=\"color: #ff0000;\"><strong>Protocolos Covi<\/strong><\/span><\/a><a href=\"https:\/\/www.regatacrucero.com\/index.php\/protocolos-covid-19\"><span style=\"color: #ff0000;\"><strong>d-19<\/strong><\/span><\/a><\/li><li><span style=\"color: #ff0000;\">\u00a0<\/span><\/li><\/ul>\t\t\t\t\t\t<\/div>\n\t\t\t\t\t<\/div>\n\t\t\t\t\t\t\t\t\t<div>\n\t\t\t\t\t\t<div>\n\t\t\t\t\t\t\t<ul><li><span style=\"color: #ff0000;\"><strong>Proximamente<\/strong><\/span><\/li><\/ul>\t\t\t\t\t\t<\/div>\n\t\t\t\t\t<\/div>\n\t\t\t\t\t\t\t\t\t<div>\n\t\t\t\t\t\t<div>\n\t\t\t\t\t\t\t<ul><li><span style=\"color: #ff0000;\"><strong><a style=\"color: #ff0000;\" href=\"http:\/\/www.regatacrucero.com\/wp-content\/uploads\/2021\/12\/Hoja-de-Inscripcion.pdf\">Hoja de Inscripci\u00f3n<\/a><\/strong><\/span><\/li><li><span style=\"color: #ff0000;\"><strong><a style=\"color: #ff0000;\" href=\"http:\/\/www.regatacrucero.com\/wp-content\/uploads\/2021\/12\/Lista-de-control-categoria-4.pdf\">Lista de control categor\u00eda 4<\/a><\/strong><\/span><\/li><\/ul><div class=\"wpforms-container wpforms-container-full\" id=\"wpforms-3569\"><form id=\"wpforms-form-3569\" class=\"wpforms-validate wpforms-form\" data-formid=\"3569\" method=\"post\" enctype=\"multipart\/form-data\" action=\"\/index.php\/wp-json\/wp\/v2\/pages\/219\"><div class=\"wpforms-field-container\"><div id=\"wpforms-3569-field_14-container\" class=\"wpforms-field wpforms-field-select\" data-field-id=\"14\"><label class=\"wpforms-field-label\" for=\"wpforms-3569-field_14\">Nombre de la regata<\/label><select name=\"wpforms[fields][14]\" id=\"wpforms-3569-field_14\" class=\"wpforms-field-large\" ><option value=\"\" ><\/option><option value=\"XII Liga Interclubes de Huelva 2026\" >XII Liga Interclubes de Huelva 2026<\/option><option value=\"XXIV Regata Playas de Punta Umbr\u00eda. 9 de Junio de 2026\" >XXIV Regata Playas de Punta Umbr\u00eda. 9 de Junio de 2026<\/option><option value=\"IX Regata William Martin, el legado ingl\u00e9s. 24 de Octubre de 2026\" >IX Regata William Martin, el legado ingl\u00e9s. 24 de Octubre de 2026<\/option><\/select><\/div><div id=\"wpforms-3569-field_4-container\" class=\"wpforms-field wpforms-field-email\" data-field-id=\"4\"><label class=\"wpforms-field-label\" for=\"wpforms-3569-field_4\">Email<\/label><div class=\"wpforms-field-row wpforms-field-large\"><div class=\"wpforms-field-row-block wpforms-one-half wpforms-first\"><input type=\"email\" id=\"wpforms-3569-field_4\" class=\"wpforms-field-email-primary\" name=\"wpforms[fields][4][primary]\" ><label for=\"wpforms-3569-field_4\" class=\"wpforms-field-sublabel after \">Email<\/label><\/div><div class=\"wpforms-field-row-block wpforms-one-half\"><input type=\"email\" id=\"wpforms-3569-field_4-secondary\" class=\"wpforms-field-email-secondary\" data-rule-confirm=\"#wpforms-3569-field_4\" name=\"wpforms[fields][4][secondary]\" ><label for=\"wpforms-3569-field_4-secondary\" class=\"wpforms-field-sublabel after \">Confirm Email<\/label><\/div><\/div><\/div><div id=\"wpforms-3569-field_6-container\" class=\"wpforms-field wpforms-field-text\" data-field-id=\"6\"><label class=\"wpforms-field-label\" for=\"wpforms-3569-field_6\">Nombre de la embarcaci\u00f3n<\/label><input type=\"text\" id=\"wpforms-3569-field_6\" class=\"wpforms-field-medium\" name=\"wpforms[fields][6]\" ><\/div><div id=\"wpforms-3569-field_7-container\" class=\"wpforms-field wpforms-field-file-upload\" data-field-id=\"7\"><label class=\"wpforms-field-label\" for=\"wpforms-3569-field_7\">Adjuntar hoja de inscripci\u00f3n<\/label><input type=\"file\" id=\"wpforms-3569-field_7\" data-rule-extension=\"pdf,docx,jpge\" data-rule-maxsize=\"8388608\" name=\"wpforms_3569_7\" ><\/div><div id=\"wpforms-3569-field_9-container\" class=\"wpforms-field wpforms-field-file-upload\" data-field-id=\"9\"><label class=\"wpforms-field-label\" for=\"wpforms-3569-field_9\">Adjuntar listado de control de seguridad categor\u00eda 4<\/label><input type=\"file\" id=\"wpforms-3569-field_9\" data-rule-extension=\"pdf,docx,jpge\" data-rule-maxsize=\"8388608\" name=\"wpforms_3569_9\" ><\/div><div id=\"wpforms-3569-field_10-container\" class=\"wpforms-field wpforms-field-file-upload\" data-field-id=\"10\"><label class=\"wpforms-field-label\" for=\"wpforms-3569-field_10\">Adjuntar licencias (todas en un mismo archivo)<\/label><input type=\"file\" id=\"wpforms-3569-field_10\" data-rule-extension=\"pdf,docx,jpge\" data-rule-maxsize=\"8388608\" name=\"wpforms_3569_10\" ><\/div><div id=\"wpforms-3569-field_11-container\" class=\"wpforms-field wpforms-field-file-upload\" data-field-id=\"11\"><label class=\"wpforms-field-label\" for=\"wpforms-3569-field_11\">Adjuntar recibo seguro<\/label><input type=\"file\" id=\"wpforms-3569-field_11\" data-rule-extension=\"pdf,docx,jpge\" data-rule-maxsize=\"8388608\" name=\"wpforms_3569_11\" ><\/div><div id=\"wpforms-3569-field_12-container\" class=\"wpforms-field wpforms-field-file-upload\" data-field-id=\"12\"><label class=\"wpforms-field-label\" for=\"wpforms-3569-field_12\">Adjuntar rating<\/label><input type=\"file\" id=\"wpforms-3569-field_12\" data-rule-extension=\"pdf,docx,jpge\" data-rule-maxsize=\"8388608\" name=\"wpforms_3569_12\" ><\/div><div id=\"wpforms-3569-field_13-container\" class=\"wpforms-field wpforms-field-file-upload\" data-field-id=\"13\"><label class=\"wpforms-field-label\" for=\"wpforms-3569-field_13\">Adjuntar recibo pago inscripci\u00f3n<\/label><input type=\"file\" id=\"wpforms-3569-field_13\" data-rule-extension=\"pdf,docx,jpge\" data-rule-maxsize=\"8388608\" name=\"wpforms_3569_13\" ><\/div><div id=\"wpforms-3569-field_15-container\" class=\"wpforms-field wpforms-field-email\" data-field-id=\"15\"><label class=\"wpforms-field-label\" for=\"wpforms-3569-field_15\">Email <span class=\"wpforms-required-label\">*<\/span><\/label><input type=\"email\" id=\"wpforms-3569-field_15\" class=\"wpforms-field-medium wpforms-field-required\" name=\"wpforms[fields][15]\" required><\/div><\/div><div class=\"wpforms-field wpforms-field-hp\"><label for=\"wpforms-field_hp\" class=\"wpforms-field-label\">Phone<\/label><input type=\"text\" name=\"wpforms[hp]\" id=\"wpforms-field_hp\" class=\"wpforms-field-medium\"><\/div><div class=\"wpforms-submit-container\" ><input type=\"hidden\" name=\"wpforms[id]\" value=\"3569\"><input type=\"hidden\" name=\"wpforms[author]\" value=\"3\"><button type=\"submit\" name=\"wpforms[submit]\" class=\"wpforms-submit \" id=\"wpforms-submit-3569\" value=\"wpforms-submit\" data-alt-text=\"Sending...\">Enviar<\/button><\/div><\/form><\/div>\t\t\t\t\t\t<\/div>\n\t\t\t\t\t<\/div>\n\t\t\t\t\t\t\t\t\t<div>\n\t\t\t\t\t\t<div>\n\t\t\t\t\t\t\t<ul><li><strong><span style=\"color: #ff0000;\">Pr\u00f3ximamente.<\/span><\/strong><\/li><\/ul>\t\t\t\t\t\t<\/div>\n\t\t\t\t\t<\/div>\n\t\t\t\t\t\t\t<\/div>\n\t\t<\/div>\n\t\t\t\t\t\n\t\t\t\t\t\t<a href=\"#\" id=\"bottom-anchor-dbe9ccb\" bdt-hidden><\/a>\n\t\t<\/div>\n\n\t\t\t\t<\/div>\n\t\t\t\t<\/div>\n\t\t\t\t\t\t<\/div>\n\t\t\t\t\t<\/div>\n\t\t<\/div>\n\t\t\t\t\t\t\t\t<\/div>\n\t\t\t\t\t<\/div>\n\t\t<\/section>\n\t\t\t\t<section class=\"elementor-section elementor-top-section elementor-element elementor-element-de4250c elementor-section-boxed elementor-section-height-default elementor-section-height-default\" data-id=\"de4250c\" data-element_type=\"section\">\n\t\t\t\t\t\t<div class=\"elementor-container elementor-column-gap-default\">\n\t\t\t\t\t\t\t<div class=\"elementor-row\">\n\t\t\t\t\t<div class=\"elementor-column elementor-col-100 elementor-top-column elementor-element elementor-element-31b9ee9\" data-id=\"31b9ee9\" data-element_type=\"column\">\n\t\t\t<div class=\"elementor-column-wrap elementor-element-populated\">\n\t\t\t\t\t\t\t<div class=\"elementor-widget-wrap\">\n\t\t\t\t\t\t<div class=\"elementor-element elementor-element-c1761d0 elementor-share-buttons--view-icon-text elementor-share-buttons--skin-gradient elementor-share-buttons--shape-square elementor-grid-0 elementor-share-buttons--color-official elementor-widget elementor-widget-share-buttons\" data-id=\"c1761d0\" data-element_type=\"widget\" data-widget_type=\"share-buttons.default\">\n\t\t\t\t<div class=\"elementor-widget-container\">\n\t\t\t\t\t<div class=\"elementor-grid\">\n\t\t\t\t\t\t\t\t<div class=\"elementor-grid-item\">\n\t\t\t\t\t\t<div class=\"elementor-share-btn elementor-share-btn_facebook\">\n\t\t\t\t\t\t\t\t\t\t\t\t\t\t\t<span class=\"elementor-share-btn__icon\">\n\t\t\t\t\t\t\t\t<i class=\"fab fa-facebook\"\n\t\t\t\t\t\t\t\t   aria-hidden=\"true\"><\/i>\n\t\t\t\t\t\t\t\t<span\n\t\t\t\t\t\t\t\t\tclass=\"elementor-screen-only\">Share on facebook<\/span>\n\t\t\t\t\t\t\t<\/span>\n\t\t\t\t\t\t\t\t\t\t\t\t\t\t\t\t\t\t\t\t\t\t<div class=\"elementor-share-btn__text\">\n\t\t\t\t\t\t\t\t\t\t\t\t\t\t\t\t\t\t\t<span class=\"elementor-share-btn__title\">\n\t\t\t\t\t\t\t\t\t\tFacebook\t\t\t\t\t\t\t\t\t<\/span>\n\t\t\t\t\t\t\t\t\t\t\t\t\t\t\t\t\t<\/div>\n\t\t\t\t\t\t\t\t\t\t\t\t\t<\/div>\n\t\t\t\t\t<\/div>\n\t\t\t\t\t\t\t\t\t<div class=\"elementor-grid-item\">\n\t\t\t\t\t\t<div class=\"elementor-share-btn elementor-share-btn_email\">\n\t\t\t\t\t\t\t\t\t\t\t\t\t\t\t<span class=\"elementor-share-btn__icon\">\n\t\t\t\t\t\t\t\t<i class=\"fas fa-envelope\"\n\t\t\t\t\t\t\t\t   aria-hidden=\"true\"><\/i>\n\t\t\t\t\t\t\t\t<span\n\t\t\t\t\t\t\t\t\tclass=\"elementor-screen-only\">Share on email<\/span>\n\t\t\t\t\t\t\t<\/span>\n\t\t\t\t\t\t\t\t\t\t\t\t\t\t\t\t\t\t\t\t\t\t<div class=\"elementor-share-btn__text\">\n\t\t\t\t\t\t\t\t\t\t\t\t\t\t\t\t\t\t\t<span class=\"elementor-share-btn__title\">\n\t\t\t\t\t\t\t\t\t\tEmail\t\t\t\t\t\t\t\t\t<\/span>\n\t\t\t\t\t\t\t\t\t\t\t\t\t\t\t\t\t<\/div>\n\t\t\t\t\t\t\t\t\t\t\t\t\t<\/div>\n\t\t\t\t\t<\/div>\n\t\t\t\t\t\t\t\t\t<div class=\"elementor-grid-item\">\n\t\t\t\t\t\t<div class=\"elementor-share-btn elementor-share-btn_whatsapp\">\n\t\t\t\t\t\t\t\t\t\t\t\t\t\t\t<span class=\"elementor-share-btn__icon\">\n\t\t\t\t\t\t\t\t<i class=\"fab fa-whatsapp\"\n\t\t\t\t\t\t\t\t   aria-hidden=\"true\"><\/i>\n\t\t\t\t\t\t\t\t<span\n\t\t\t\t\t\t\t\t\tclass=\"elementor-screen-only\">Share on whatsapp<\/span>\n\t\t\t\t\t\t\t<\/span>\n\t\t\t\t\t\t\t\t\t\t\t\t\t\t\t\t\t\t\t\t\t\t<div class=\"elementor-share-btn__text\">\n\t\t\t\t\t\t\t\t\t\t\t\t\t\t\t\t\t\t\t<span class=\"elementor-share-btn__title\">\n\t\t\t\t\t\t\t\t\t\tWhatsApp\t\t\t\t\t\t\t\t\t<\/span>\n\t\t\t\t\t\t\t\t\t\t\t\t\t\t\t\t\t<\/div>\n\t\t\t\t\t\t\t\t\t\t\t\t\t<\/div>\n\t\t\t\t\t<\/div>\n\t\t\t\t\t\t<\/div>\n\t\t\t\t<\/div>\n\t\t\t\t<\/div>\n\t\t\t\t\t\t<\/div>\n\t\t\t\t\t<\/div>\n\t\t<\/div>\n\t\t\t\t\t\t\t\t<\/div>\n\t\t\t\t\t<\/div>\n\t\t<\/section>\n\t\t\t\t\t\t<\/div>\n\t\t\t\t\t\t<\/div>\n\t\t\t\t\t<\/div>\n\t\t","protected":false},"excerpt":{"rendered":"<p>Anuncios Instrucciones Inscritos Resultados T.O.A Media Formulario de preinscripci\u00f3n Certificados ORC Barcos inscritos Pr\u00f3ximamente Pr\u00f3ximamente Resultados Formularios Papeler\u00eda de la\u00a0 Regata Protocolos Covid-19 \u00a0 Proximamente Hoja de Inscripci\u00f3n Lista de control categor\u00eda 4 Nombre de la regataXII Liga Interclubes de&#8230; <a class=\"more-link\" href=\"https:\/\/www.regatacrucero.com\/index.php\/vi-liga-interclubes-de-cruceros-bahia-de-huelva-2020\/xviii-regata-playas-de-punta-umbria-del-20-al-21-de-junio\/\">Seguir leyendo &rarr;<\/a><\/p>\n","protected":false},"author":3,"featured_media":6712,"parent":125,"menu_order":2,"comment_status":"closed","ping_status":"closed","template":"","meta":{"_monsterinsights_skip_tracking":false,"_monsterinsights_sitenote_active":false,"_monsterinsights_sitenote_note":"","_monsterinsights_sitenote_category":0,"footnotes":""},"class_list":["post-219","page","type-page","status-publish","has-post-thumbnail","hentry"],"_links":{"self":[{"href":"https:\/\/www.regatacrucero.com\/index.php\/wp-json\/wp\/v2\/pages\/219","targetHints":{"allow":["GET"]}}],"collection":[{"href":"https:\/\/www.regatacrucero.com\/index.php\/wp-json\/wp\/v2\/pages"}],"about":[{"href":"https:\/\/www.regatacrucero.com\/index.php\/wp-json\/wp\/v2\/types\/page"}],"author":[{"embeddable":true,"href":"https:\/\/www.regatacrucero.com\/index.php\/wp-json\/wp\/v2\/users\/3"}],"replies":[{"embeddable":true,"href":"https:\/\/www.regatacrucero.com\/index.php\/wp-json\/wp\/v2\/comments?post=219"}],"version-history":[{"count":338,"href":"https:\/\/www.regatacrucero.com\/index.php\/wp-json\/wp\/v2\/pages\/219\/revisions"}],"predecessor-version":[{"id":9022,"href":"https:\/\/www.regatacrucero.com\/index.php\/wp-json\/wp\/v2\/pages\/219\/revisions\/9022"}],"up":[{"embeddable":true,"href":"https:\/\/www.regatacrucero.com\/index.php\/wp-json\/wp\/v2\/pages\/125"}],"wp:featuredmedia":[{"embeddable":true,"href":"https:\/\/www.regatacrucero.com\/index.php\/wp-json\/wp\/v2\/media\/6712"}],"wp:attachment":[{"href":"https:\/\/www.regatacrucero.com\/index.php\/wp-json\/wp\/v2\/media?parent=219"}],"curies":[{"name":"wp","href":"https:\/\/api.w.org\/{rel}","templated":true}]}}