{"id":246,"date":"2020-03-30T21:31:24","date_gmt":"2020-03-30T19:31:24","guid":{"rendered":"http:\/\/www.regatacrucero.com\/?page_id=246"},"modified":"2021-12-04T12:25:21","modified_gmt":"2021-12-04T10:25:21","slug":"x-regata-playas-isla-canela-del-15-al-16-de-agosto","status":"publish","type":"page","link":"https:\/\/www.regatacrucero.com\/index.php\/xxxiii-regata-descubridores-del-12-al-14-de-junio\/xlii-regata-internacional-la-farola-17-18-de-agosto-2024\/i-regata-marina-del-odiel-club-atlantico\/xliii-regata-colombina-del-25-al-26-de-julio\/xxxix-regata-la-farola-del-15-al-16-de-agosto\/x-regata-playas-isla-canela-del-15-al-16-de-agosto\/","title":{"rendered":"XI Regata Playas Isla Canela 18 de septiembre 2021"},"content":{"rendered":"\t\t<div data-elementor-type=\"wp-post\" data-elementor-id=\"246\" class=\"elementor elementor-246\" data-elementor-settings=\"[]\">\n\t\t\t\t\t\t<div class=\"elementor-inner\">\n\t\t\t\t\t\t\t<div class=\"elementor-section-wrap\">\n\t\t\t\t\t\t\t<section class=\"elementor-section elementor-top-section elementor-element elementor-element-394f4af elementor-section-boxed elementor-section-height-default elementor-section-height-default\" data-id=\"394f4af\" data-element_type=\"section\">\n\t\t\t\t\t\t<div class=\"elementor-container elementor-column-gap-default\">\n\t\t\t\t\t\t\t<div class=\"elementor-row\">\n\t\t\t\t\t<div class=\"elementor-column elementor-col-100 elementor-top-column elementor-element elementor-element-b683cc2\" data-id=\"b683cc2\" data-element_type=\"column\">\n\t\t\t<div class=\"elementor-column-wrap elementor-element-populated\">\n\t\t\t\t\t\t\t<div class=\"elementor-widget-wrap\">\n\t\t\t\t\t\t<div class=\"elementor-element elementor-element-ff13368 elementor-widget elementor-widget-bdt-tabs\" data-id=\"ff13368\" data-element_type=\"widget\" data-widget_type=\"bdt-tabs.default\">\n\t\t\t\t<div class=\"elementor-widget-container\">\n\t\t\t\t\t<div id=\"bdt-tabs-ff13368\" class=\"bdt-tabs bdt-tabs-default\">\n\t\t\t\n\t\t\t\n\t\t\t\t\t<div >\n\t\t\t<div >\n\t\t\t\t<div class=\"bdt-tab bdt-tab-default bdt-flex-center\" bdt-tab=\"connect: #bdt-tab-content-ff13368;\">\n\t\t\t\t\t\t\t\t\t\t\t<div class=\"bdt-tabs-item bdt-active\">\n\t\t\t\t\t\t\t<a class=\"bdt-tabs-item-title\" href=\"#\" id=\"bdt-tab-anuncios\" data-tab-index=\"0\">\n\t\t\t\t\t\t\t\t<div class=\"bdt-tab-text-wrapper bdt-flex-column\">\n\n\t\t\t\t\t\t\t\t\t<div class=\"bdt-tab-title-icon-wrapper\">\n\n\t\t\t\t\t\t\t\t\t\t\t\t\t\t\t\t\t\t\t\t\t<span class=\"bdt-button-icon-align-left\">\n\n\t\t\t\t\t\t\t\t\t\t\t\t<i aria-hidden=\"true\" class=\"fa-fw far fa-file-alt\"><\/i>\n\t\t\t\t\t\t\t\t\t\t\t<\/span>\n\t\t\t\t\t\t\t\t\t\t\n\t\t\t\t\t\t\t\t\t\t\t\t\t\t\t\t\t\t\t\t\t<span class=\"bdt-tab-text\">Anuncios<\/span>\n\t\t\t\t\t\t\t\t\t\t\n\t\t\t\t\t\t\t\t\t\t\n\t\t\t\t\t\t\t\t\t<\/div>\n\n\t\t\t\t\t\t\t\t\t\n\t\t\t\t\t\t\t\t<\/div>\n\t\t\t\t\t\t\t<\/a>\n\t\t\t\t\t\t<\/div>\n\t\t\t\t\t\t\t\t\t\t\t<div class=\"bdt-tabs-item\">\n\t\t\t\t\t\t\t<a class=\"bdt-tabs-item-title\" href=\"#\" id=\"bdt-tab-instrucciones\" data-tab-index=\"1\">\n\t\t\t\t\t\t\t\t<div class=\"bdt-tab-text-wrapper bdt-flex-column\">\n\n\t\t\t\t\t\t\t\t\t<div class=\"bdt-tab-title-icon-wrapper\">\n\n\t\t\t\t\t\t\t\t\t\t\t\t\t\t\t\t\t\t\t\t\t<span class=\"bdt-button-icon-align-left\">\n\n\t\t\t\t\t\t\t\t\t\t\t\t<i aria-hidden=\"true\" class=\"fa-fw far fa-map\"><\/i>\n\t\t\t\t\t\t\t\t\t\t\t<\/span>\n\t\t\t\t\t\t\t\t\t\t\n\t\t\t\t\t\t\t\t\t\t\t\t\t\t\t\t\t\t\t\t\t<span class=\"bdt-tab-text\">Instrucciones<\/span>\n\t\t\t\t\t\t\t\t\t\t\n\t\t\t\t\t\t\t\t\t\t\n\t\t\t\t\t\t\t\t\t<\/div>\n\n\t\t\t\t\t\t\t\t\t\n\t\t\t\t\t\t\t\t<\/div>\n\t\t\t\t\t\t\t<\/a>\n\t\t\t\t\t\t<\/div>\n\t\t\t\t\t\t\t\t\t\t\t<div class=\"bdt-tabs-item\">\n\t\t\t\t\t\t\t<a class=\"bdt-tabs-item-title\" href=\"#\" id=\"bdt-tab-inscritos\" data-tab-index=\"2\">\n\t\t\t\t\t\t\t\t<div class=\"bdt-tab-text-wrapper bdt-flex-column\">\n\n\t\t\t\t\t\t\t\t\t<div class=\"bdt-tab-title-icon-wrapper\">\n\n\t\t\t\t\t\t\t\t\t\t\t\t\t\t\t\t\t\t\t\t\t<span class=\"bdt-button-icon-align-left\">\n\n\t\t\t\t\t\t\t\t\t\t\t\t<i aria-hidden=\"true\" class=\"fa-fw far fa-list-alt\"><\/i>\n\t\t\t\t\t\t\t\t\t\t\t<\/span>\n\t\t\t\t\t\t\t\t\t\t\n\t\t\t\t\t\t\t\t\t\t\t\t\t\t\t\t\t\t\t\t\t<span class=\"bdt-tab-text\">Inscritos<\/span>\n\t\t\t\t\t\t\t\t\t\t\n\t\t\t\t\t\t\t\t\t\t\n\t\t\t\t\t\t\t\t\t<\/div>\n\n\t\t\t\t\t\t\t\t\t\n\t\t\t\t\t\t\t\t<\/div>\n\t\t\t\t\t\t\t<\/a>\n\t\t\t\t\t\t<\/div>\n\t\t\t\t\t\t\t\t\t\t\t<div class=\"bdt-tabs-item\">\n\t\t\t\t\t\t\t<a class=\"bdt-tabs-item-title\" href=\"#\" id=\"bdt-tab-clasificaciones\" data-tab-index=\"3\">\n\t\t\t\t\t\t\t\t<div class=\"bdt-tab-text-wrapper bdt-flex-column\">\n\n\t\t\t\t\t\t\t\t\t<div class=\"bdt-tab-title-icon-wrapper\">\n\n\t\t\t\t\t\t\t\t\t\t\t\t\t\t\t\t\t\t\t\t\t<span class=\"bdt-button-icon-align-left\">\n\n\t\t\t\t\t\t\t\t\t\t\t\t<i aria-hidden=\"true\" class=\"fa-fw fas fa-trophy\"><\/i>\n\t\t\t\t\t\t\t\t\t\t\t<\/span>\n\t\t\t\t\t\t\t\t\t\t\n\t\t\t\t\t\t\t\t\t\t\t\t\t\t\t\t\t\t\t\t\t<span class=\"bdt-tab-text\">Clasificaciones<\/span>\n\t\t\t\t\t\t\t\t\t\t\n\t\t\t\t\t\t\t\t\t\t\n\t\t\t\t\t\t\t\t\t<\/div>\n\n\t\t\t\t\t\t\t\t\t\n\t\t\t\t\t\t\t\t<\/div>\n\t\t\t\t\t\t\t<\/a>\n\t\t\t\t\t\t<\/div>\n\t\t\t\t\t\t\t\t\t\t\t<div class=\"bdt-tabs-item\">\n\t\t\t\t\t\t\t<a class=\"bdt-tabs-item-title\" href=\"#\" id=\"bdt-tab-toa\" data-tab-index=\"4\">\n\t\t\t\t\t\t\t\t<div class=\"bdt-tab-text-wrapper bdt-flex-column\">\n\n\t\t\t\t\t\t\t\t\t<div class=\"bdt-tab-title-icon-wrapper\">\n\n\t\t\t\t\t\t\t\t\t\t\t\t\t\t\t\t\t\t\t\t\t<span class=\"bdt-button-icon-align-left\">\n\n\t\t\t\t\t\t\t\t\t\t\t\t<i aria-hidden=\"true\" class=\"fa-fw fas fa-clipboard-list\"><\/i>\n\t\t\t\t\t\t\t\t\t\t\t<\/span>\n\t\t\t\t\t\t\t\t\t\t\n\t\t\t\t\t\t\t\t\t\t\t\t\t\t\t\t\t\t\t\t\t<span class=\"bdt-tab-text\">T.O.A<\/span>\n\t\t\t\t\t\t\t\t\t\t\n\t\t\t\t\t\t\t\t\t\t\n\t\t\t\t\t\t\t\t\t<\/div>\n\n\t\t\t\t\t\t\t\t\t\n\t\t\t\t\t\t\t\t<\/div>\n\t\t\t\t\t\t\t<\/a>\n\t\t\t\t\t\t<\/div>\n\t\t\t\t\t\t\t\t\t\t\t<div class=\"bdt-tabs-item\">\n\t\t\t\t\t\t\t<a class=\"bdt-tabs-item-title\" href=\"#\" id=\"bdt-tab-media\" data-tab-index=\"5\">\n\t\t\t\t\t\t\t\t<div class=\"bdt-tab-text-wrapper bdt-flex-column\">\n\n\t\t\t\t\t\t\t\t\t<div class=\"bdt-tab-title-icon-wrapper\">\n\n\t\t\t\t\t\t\t\t\t\t\t\t\t\t\t\t\t\t\t\t\t<span class=\"bdt-button-icon-align-left\">\n\n\t\t\t\t\t\t\t\t\t\t\t\t<i aria-hidden=\"true\" class=\"fa-fw fas fa-photo-video\"><\/i>\n\t\t\t\t\t\t\t\t\t\t\t<\/span>\n\t\t\t\t\t\t\t\t\t\t\n\t\t\t\t\t\t\t\t\t\t\t\t\t\t\t\t\t\t\t\t\t<span class=\"bdt-tab-text\">Media<\/span>\n\t\t\t\t\t\t\t\t\t\t\n\t\t\t\t\t\t\t\t\t\t\n\t\t\t\t\t\t\t\t\t<\/div>\n\n\t\t\t\t\t\t\t\t\t\n\t\t\t\t\t\t\t\t<\/div>\n\t\t\t\t\t\t\t<\/a>\n\t\t\t\t\t\t<\/div>\n\t\t\t\t\t\t\t\t\t\t\t<div class=\"bdt-tabs-item\">\n\t\t\t\t\t\t\t<a class=\"bdt-tabs-item-title\" href=\"#\" id=\"bdt-tab-formulario-de-preinscripcin\" data-tab-index=\"6\">\n\t\t\t\t\t\t\t\t<div class=\"bdt-tab-text-wrapper bdt-flex-column\">\n\n\t\t\t\t\t\t\t\t\t<div class=\"bdt-tab-title-icon-wrapper\">\n\n\t\t\t\t\t\t\t\t\t\t\t\t\t\t\t\t\t\t\t\t\t<span class=\"bdt-button-icon-align-left\">\n\n\t\t\t\t\t\t\t\t\t\t\t\t<i aria-hidden=\"true\" class=\"fa-fw fas fa-prescription-bottle\"><\/i>\n\t\t\t\t\t\t\t\t\t\t\t<\/span>\n\t\t\t\t\t\t\t\t\t\t\n\t\t\t\t\t\t\t\t\t\t\t\t\t\t\t\t\t\t\t\t\t<span class=\"bdt-tab-text\">Formulario de preinscripci\u00f3n<\/span>\n\t\t\t\t\t\t\t\t\t\t\n\t\t\t\t\t\t\t\t\t\t\n\t\t\t\t\t\t\t\t\t<\/div>\n\n\t\t\t\t\t\t\t\t\t\n\t\t\t\t\t\t\t\t<\/div>\n\t\t\t\t\t\t\t<\/a>\n\t\t\t\t\t\t<\/div>\n\t\t\t\t\t\t\t\t\t\t\t<div class=\"bdt-tabs-item\">\n\t\t\t\t\t\t\t<a class=\"bdt-tabs-item-title\" href=\"#\" id=\"bdt-tab-certificados-orc-barcos-inscritos\" data-tab-index=\"7\">\n\t\t\t\t\t\t\t\t<div class=\"bdt-tab-text-wrapper bdt-flex-column\">\n\n\t\t\t\t\t\t\t\t\t<div class=\"bdt-tab-title-icon-wrapper\">\n\n\t\t\t\t\t\t\t\t\t\t\t\t\t\t\t\t\t\t\t\t\t<span class=\"bdt-button-icon-align-left\">\n\n\t\t\t\t\t\t\t\t\t\t\t\t<i aria-hidden=\"true\" class=\"fa-fw fas fa-atlas\"><\/i>\n\t\t\t\t\t\t\t\t\t\t\t<\/span>\n\t\t\t\t\t\t\t\t\t\t\n\t\t\t\t\t\t\t\t\t\t\t\t\t\t\t\t\t\t\t\t\t<span class=\"bdt-tab-text\">Certificados ORC Barcos inscritos<\/span>\n\t\t\t\t\t\t\t\t\t\t\n\t\t\t\t\t\t\t\t\t\t\n\t\t\t\t\t\t\t\t\t<\/div>\n\n\t\t\t\t\t\t\t\t\t\n\t\t\t\t\t\t\t\t<\/div>\n\t\t\t\t\t\t\t<\/a>\n\t\t\t\t\t\t<\/div>\n\t\t\t\t\t\t\t\t\t<\/div>\n\t\t\t<\/div>\n\t\t<\/div>\n\t\t\t\t\t\n\n\t\t\t\t\t\t\t\t\n\t\t<div class=\"bdt-switcher-wrapper\">\n\t\t\t<div id=\"bdt-tab-content-ff13368\" class=\"bdt-switcher bdt-switcher-item-content\">\n\t\t\t\t\t\t\t\t\t<div>\n\t\t\t\t\t\t<div>\n\t\t\t\t\t\t\t<p><strong><span style=\"color: #ff0000;\">Pr\u00f3ximamente.<\/span><\/strong><\/p>\t\t\t\t\t\t<\/div>\n\t\t\t\t\t<\/div>\n\t\t\t\t\t\t\t\t\t<div>\n\t\t\t\t\t\t<div>\n\t\t\t\t\t\t\t<p><strong><span style=\"color: #ff0000;\">Pr\u00f3ximamente.<\/span><\/strong><\/p>\t\t\t\t\t\t<\/div>\n\t\t\t\t\t<\/div>\n\t\t\t\t\t\t\t\t\t<div>\n\t\t\t\t\t\t<div>\n\t\t\t\t\t\t\t<p><strong><span style=\"color: #ff0000;\">Pr\u00f3ximamente.<\/span><\/strong><\/p>\t\t\t\t\t\t<\/div>\n\t\t\t\t\t<\/div>\n\t\t\t\t\t\t\t\t\t<div>\n\t\t\t\t\t\t<div>\n\t\t\t\t\t\t\t<p><strong><span style=\"color: #ff0000;\">Pr\u00f3ximamente.<\/span><\/strong><\/p>\t\t\t\t\t\t<\/div>\n\t\t\t\t\t<\/div>\n\t\t\t\t\t\t\t\t\t<div>\n\t\t\t\t\t\t<div>\n\t\t\t\t\t\t\t<ul><li><a href=\"http:\/\/www.regatacrucero.com\/index.php\/formularios-papeleria-de-regata\"><strong><span style=\"color: #999999;\">Formularios Papeler\u00eda de la\u00a0 Regata<\/span><\/strong><\/a><\/li><li><a href=\"http:\/\/www.regatacrucero.com\/index.php\/formulario-para-entrega-al-comite-de-regatas\"><strong><span style=\"color: #999999;\">Adjuntar formulario<\/span><\/strong><\/a><\/li><li><span style=\"color: #ff0000;\"><strong><a style=\"color: #ff0000;\" href=\"http:\/\/www.regatacrucero.com\/wp-content\/uploads\/2021\/02\/8.-PROTOCOLO-RELATIVO-A-LA-PROTECCION-Y-PREVENCION-DE-LA-SALUD-FRENTE-A-LA-COVID-19.pdf\">8.Protocolo relativo a la protecci\u00f3n y prevenci\u00f3n de la salud frente al Covid-19.<\/a><\/strong><\/span><\/li><li><strong><span style=\"color: #ff0000;\"><a style=\"color: #ff0000;\" href=\"http:\/\/www.regatacrucero.com\/wp-content\/uploads\/2020\/07\/XIII-COMUNICADO-FAV.pdf\">XIII Comunicado FAV<\/a><\/span><\/strong><\/li><li><strong><span style=\"color: #ff0000;\"><a style=\"color: #ff0000;\" href=\"http:\/\/www.regatacrucero.com\/wp-content\/uploads\/2021\/02\/XIV-Comunicado-FAV.pdf\">XIV Comunicado FAV<\/a><\/span><\/strong><\/li><li><strong><span style=\"color: #ff0000;\"> <a style=\"color: #ff0000;\" href=\"http:\/\/www.regatacrucero.com\/wp-content\/uploads\/2021\/02\/XVI-Comunicado-FAV.pdf\">XVI Comunicado FAV<\/a> <\/span><\/strong><\/li><li><strong><span style=\"color: #ff0000;\"><a style=\"color: #ff0000;\" href=\"http:\/\/www.regatacrucero.com\/wp-content\/uploads\/2021\/02\/XVII-Comunicado-FAV.pdf\">XVII Comunicado FAV<\/a> <\/span><\/strong><\/li><li><strong><span style=\"color: #ff0000;\"><a style=\"color: #ff0000;\" href=\"http:\/\/www.regatacrucero.com\/wp-content\/uploads\/2021\/02\/XVIII-Comunicado-FAV.pdf\">XVIII Comunicado FAV<\/a> <\/span><\/strong><\/li><li><strong><span style=\"color: #ff0000;\"><a style=\"color: #ff0000;\" href=\"http:\/\/www.regatacrucero.com\/wp-content\/uploads\/2021\/02\/XIX-Comunicado-FAV.pdf\">XIX Comunicado FAV<\/a><\/span><\/strong><\/li><li><strong><span style=\"color: #ff0000;\"><a style=\"color: #ff0000;\" href=\"http:\/\/www.regatacrucero.com\/wp-content\/uploads\/2021\/02\/XX-Comunicado-FAV.pdf\">XX Comunicado FAV<\/a> <\/span><\/strong><\/li><li><strong><span style=\"color: #ff0000;\"><a style=\"color: #ff0000;\" href=\"http:\/\/www.regatacrucero.com\/wp-content\/uploads\/2021\/02\/XXI-Comunicado-FAV.pdf\">XXI Comunicado FAV<\/a> <\/span><\/strong><\/li><li><strong><span style=\"color: #ff0000;\"><a style=\"color: #ff0000;\" href=\"http:\/\/www.regatacrucero.com\/wp-content\/uploads\/2021\/02\/XXII-Comunicado-FAV.pdf\">XXII Comunicado FAV<\/a> <\/span><\/strong><\/li><li><strong><span style=\"color: #ff0000;\"><a style=\"color: #ff0000;\" href=\"http:\/\/www.regatacrucero.com\/wp-content\/uploads\/2021\/02\/XXIII-Comunicado-FAV.pdf\">XXIII Comunicado FAV<\/a> <\/span><\/strong><\/li><li><strong><span style=\"color: #ff0000;\"><a style=\"color: #ff0000;\" href=\"http:\/\/www.regatacrucero.com\/wp-content\/uploads\/2021\/02\/XXIV-Comunicado-FAV.pdf\">XXIV Comunicado FAV<\/a><\/span><\/strong><\/li><\/ul>\t\t\t\t\t\t<\/div>\n\t\t\t\t\t<\/div>\n\t\t\t\t\t\t\t\t\t<div>\n\t\t\t\t\t\t<div>\n\t\t\t\t\t\t\t<p><strong><span style=\"color: #ff0000;\">Pr\u00f3ximamente.<\/span><\/strong><\/p>\t\t\t\t\t\t<\/div>\n\t\t\t\t\t<\/div>\n\t\t\t\t\t\t\t\t\t<div>\n\t\t\t\t\t\t<div>\n\t\t\t\t\t\t\t<p><strong><span style=\"color: #ff0000;\">Pr\u00f3ximamente.<\/span><\/strong><\/p><ul><li><span style=\"color: #999999;\"><a style=\"color: #999999;\" href=\"http:\/\/www.regatacrucero.com\/index.php\/formulario-de-preincripcion\/\"><strong>Formulario de Inscripci\u00f3n.<\/strong><\/a><\/span><\/li><li><a href=\"http:\/\/www.regatacrucero.com\/index.php\/adjuntar-modificaciones-o-erratas-de-la-inscripcion\"><span style=\"color: #999999;\"><strong>Adjuntar modificaciones o erratas<\/strong><\/span><\/a><\/li><\/ul>\t\t\t\t\t\t<\/div>\n\t\t\t\t\t<\/div>\n\t\t\t\t\t\t\t\t\t<div>\n\t\t\t\t\t\t<div>\n\t\t\t\t\t\t\t<p><strong><span style=\"color: #ff0000;\">Pr\u00f3ximamente.<\/span><\/strong><\/p>\t\t\t\t\t\t<\/div>\n\t\t\t\t\t<\/div>\n\t\t\t\t\t\t\t<\/div>\n\t\t<\/div>\n\t\t\t\t\t\n\t\t\t\t\t\t<a href=\"#\" id=\"bottom-anchor-ff13368\" bdt-hidden><\/a>\n\t\t<\/div>\n\n\t\t\t\t<\/div>\n\t\t\t\t<\/div>\n\t\t\t\t\t\t<\/div>\n\t\t\t\t\t<\/div>\n\t\t<\/div>\n\t\t\t\t\t\t\t\t<\/div>\n\t\t\t\t\t<\/div>\n\t\t<\/section>\n\t\t\t\t<section class=\"elementor-section elementor-top-section elementor-element elementor-element-3b5bad5 elementor-section-boxed elementor-section-height-default elementor-section-height-default\" data-id=\"3b5bad5\" data-element_type=\"section\">\n\t\t\t\t\t\t<div class=\"elementor-container elementor-column-gap-default\">\n\t\t\t\t\t\t\t<div class=\"elementor-row\">\n\t\t\t\t\t<div class=\"elementor-column elementor-col-100 elementor-top-column elementor-element elementor-element-b7785b5\" data-id=\"b7785b5\" data-element_type=\"column\">\n\t\t\t<div class=\"elementor-column-wrap elementor-element-populated\">\n\t\t\t\t\t\t\t<div class=\"elementor-widget-wrap\">\n\t\t\t\t\t\t<div class=\"elementor-element elementor-element-8de1258 elementor-share-buttons--view-icon-text elementor-share-buttons--skin-gradient elementor-share-buttons--shape-square elementor-grid-0 elementor-share-buttons--color-official elementor-widget elementor-widget-share-buttons\" data-id=\"8de1258\" data-element_type=\"widget\" data-widget_type=\"share-buttons.default\">\n\t\t\t\t<div class=\"elementor-widget-container\">\n\t\t\t\t\t<div class=\"elementor-grid\">\n\t\t\t\t\t\t\t\t<div class=\"elementor-grid-item\">\n\t\t\t\t\t\t<div class=\"elementor-share-btn elementor-share-btn_facebook\">\n\t\t\t\t\t\t\t\t\t\t\t\t\t\t\t<span class=\"elementor-share-btn__icon\">\n\t\t\t\t\t\t\t\t<i class=\"fab fa-facebook\"\n\t\t\t\t\t\t\t\t   aria-hidden=\"true\"><\/i>\n\t\t\t\t\t\t\t\t<span\n\t\t\t\t\t\t\t\t\tclass=\"elementor-screen-only\">Share on facebook<\/span>\n\t\t\t\t\t\t\t<\/span>\n\t\t\t\t\t\t\t\t\t\t\t\t\t\t\t\t\t\t\t\t\t\t<div class=\"elementor-share-btn__text\">\n\t\t\t\t\t\t\t\t\t\t\t\t\t\t\t\t\t\t\t<span class=\"elementor-share-btn__title\">\n\t\t\t\t\t\t\t\t\t\tFacebook\t\t\t\t\t\t\t\t\t<\/span>\n\t\t\t\t\t\t\t\t\t\t\t\t\t\t\t\t\t<\/div>\n\t\t\t\t\t\t\t\t\t\t\t\t\t<\/div>\n\t\t\t\t\t<\/div>\n\t\t\t\t\t\t\t\t\t<div class=\"elementor-grid-item\">\n\t\t\t\t\t\t<div class=\"elementor-share-btn elementor-share-btn_email\">\n\t\t\t\t\t\t\t\t\t\t\t\t\t\t\t<span class=\"elementor-share-btn__icon\">\n\t\t\t\t\t\t\t\t<i class=\"fas fa-envelope\"\n\t\t\t\t\t\t\t\t   aria-hidden=\"true\"><\/i>\n\t\t\t\t\t\t\t\t<span\n\t\t\t\t\t\t\t\t\tclass=\"elementor-screen-only\">Share on email<\/span>\n\t\t\t\t\t\t\t<\/span>\n\t\t\t\t\t\t\t\t\t\t\t\t\t\t\t\t\t\t\t\t\t\t<div class=\"elementor-share-btn__text\">\n\t\t\t\t\t\t\t\t\t\t\t\t\t\t\t\t\t\t\t<span class=\"elementor-share-btn__title\">\n\t\t\t\t\t\t\t\t\t\tEmail\t\t\t\t\t\t\t\t\t<\/span>\n\t\t\t\t\t\t\t\t\t\t\t\t\t\t\t\t\t<\/div>\n\t\t\t\t\t\t\t\t\t\t\t\t\t<\/div>\n\t\t\t\t\t<\/div>\n\t\t\t\t\t\t\t\t\t<div class=\"elementor-grid-item\">\n\t\t\t\t\t\t<div class=\"elementor-share-btn elementor-share-btn_whatsapp\">\n\t\t\t\t\t\t\t\t\t\t\t\t\t\t\t<span class=\"elementor-share-btn__icon\">\n\t\t\t\t\t\t\t\t<i class=\"fab fa-whatsapp\"\n\t\t\t\t\t\t\t\t   aria-hidden=\"true\"><\/i>\n\t\t\t\t\t\t\t\t<span\n\t\t\t\t\t\t\t\t\tclass=\"elementor-screen-only\">Share on whatsapp<\/span>\n\t\t\t\t\t\t\t<\/span>\n\t\t\t\t\t\t\t\t\t\t\t\t\t\t\t\t\t\t\t\t\t\t<div class=\"elementor-share-btn__text\">\n\t\t\t\t\t\t\t\t\t\t\t\t\t\t\t\t\t\t\t<span class=\"elementor-share-btn__title\">\n\t\t\t\t\t\t\t\t\t\tWhatsApp\t\t\t\t\t\t\t\t\t<\/span>\n\t\t\t\t\t\t\t\t\t\t\t\t\t\t\t\t\t<\/div>\n\t\t\t\t\t\t\t\t\t\t\t\t\t<\/div>\n\t\t\t\t\t<\/div>\n\t\t\t\t\t\t<\/div>\n\t\t\t\t<\/div>\n\t\t\t\t<\/div>\n\t\t\t\t\t\t<\/div>\n\t\t\t\t\t<\/div>\n\t\t<\/div>\n\t\t\t\t\t\t\t\t<\/div>\n\t\t\t\t\t<\/div>\n\t\t<\/section>\n\t\t\t\t\t\t<\/div>\n\t\t\t\t\t\t<\/div>\n\t\t\t\t\t<\/div>\n\t\t","protected":false},"excerpt":{"rendered":"<p>Anuncios Instrucciones Inscritos Clasificaciones T.O.A Media Formulario de preinscripci\u00f3n Certificados ORC Barcos inscritos Pr\u00f3ximamente. Pr\u00f3ximamente. Pr\u00f3ximamente. Pr\u00f3ximamente. Formularios Papeler\u00eda de la&nbsp; Regata Adjuntar formulario 8.Protocolo relativo a la protecci\u00f3n y prevenci\u00f3n de la salud frente al Covid-19. XIII Comunicado FAV&#8230; <a class=\"more-link\" href=\"https:\/\/www.regatacrucero.com\/index.php\/xxxiii-regata-descubridores-del-12-al-14-de-junio\/xlii-regata-internacional-la-farola-17-18-de-agosto-2024\/i-regata-marina-del-odiel-club-atlantico\/xliii-regata-colombina-del-25-al-26-de-julio\/xxxix-regata-la-farola-del-15-al-16-de-agosto\/x-regata-playas-isla-canela-del-15-al-16-de-agosto\/\">Seguir leyendo &rarr;<\/a><\/p>\n","protected":false},"author":2,"featured_media":2560,"parent":248,"menu_order":5,"comment_status":"closed","ping_status":"closed","template":"","meta":{"_monsterinsights_skip_tracking":false,"_monsterinsights_sitenote_active":false,"_monsterinsights_sitenote_note":"","_monsterinsights_sitenote_category":0,"footnotes":""},"class_list":["post-246","page","type-page","status-publish","has-post-thumbnail","hentry"],"_links":{"self":[{"href":"https:\/\/www.regatacrucero.com\/index.php\/wp-json\/wp\/v2\/pages\/246","targetHints":{"allow":["GET"]}}],"collection":[{"href":"https:\/\/www.regatacrucero.com\/index.php\/wp-json\/wp\/v2\/pages"}],"about":[{"href":"https:\/\/www.regatacrucero.com\/index.php\/wp-json\/wp\/v2\/types\/page"}],"author":[{"embeddable":true,"href":"https:\/\/www.regatacrucero.com\/index.php\/wp-json\/wp\/v2\/users\/2"}],"replies":[{"embeddable":true,"href":"https:\/\/www.regatacrucero.com\/index.php\/wp-json\/wp\/v2\/comments?post=246"}],"version-history":[{"count":59,"href":"https:\/\/www.regatacrucero.com\/index.php\/wp-json\/wp\/v2\/pages\/246\/revisions"}],"predecessor-version":[{"id":3622,"href":"https:\/\/www.regatacrucero.com\/index.php\/wp-json\/wp\/v2\/pages\/246\/revisions\/3622"}],"up":[{"embeddable":true,"href":"https:\/\/www.regatacrucero.com\/index.php\/wp-json\/wp\/v2\/pages\/248"}],"wp:featuredmedia":[{"embeddable":true,"href":"https:\/\/www.regatacrucero.com\/index.php\/wp-json\/wp\/v2\/media\/2560"}],"wp:attachment":[{"href":"https:\/\/www.regatacrucero.com\/index.php\/wp-json\/wp\/v2\/media?parent=246"}],"curies":[{"name":"wp","href":"https:\/\/api.w.org\/{rel}","templated":true}]}}