{"id":53,"date":"2020-03-28T22:46:18","date_gmt":"2020-03-28T20:46:18","guid":{"rendered":"http:\/\/www.regatacrucero.com\/?page_id=53"},"modified":"2021-12-05T23:18:25","modified_gmt":"2021-12-05T21:18:25","slug":"meteorologia","status":"publish","type":"page","link":"https:\/\/www.regatacrucero.com\/index.php\/meteorologia\/","title":{"rendered":"METEOROLOG\u00cdA"},"content":{"rendered":"\t\t<div data-elementor-type=\"wp-post\" data-elementor-id=\"53\" class=\"elementor elementor-53\" data-elementor-settings=\"[]\">\n\t\t\t\t\t\t<div class=\"elementor-inner\">\n\t\t\t\t\t\t\t<div class=\"elementor-section-wrap\">\n\t\t\t\t\t\t\t<section class=\"elementor-section elementor-top-section elementor-element elementor-element-fec3039 elementor-section-boxed elementor-section-height-default elementor-section-height-default\" data-id=\"fec3039\" data-element_type=\"section\">\n\t\t\t\t\t\t<div class=\"elementor-container elementor-column-gap-default\">\n\t\t\t\t\t\t\t<div class=\"elementor-row\">\n\t\t\t\t\t<div class=\"elementor-column elementor-col-100 elementor-top-column elementor-element elementor-element-a3d3bb0\" data-id=\"a3d3bb0\" data-element_type=\"column\">\n\t\t\t<div class=\"elementor-column-wrap elementor-element-populated\">\n\t\t\t\t\t\t\t<div class=\"elementor-widget-wrap\">\n\t\t\t\t\t\t<div class=\"elementor-element elementor-element-9d74458 elementor-widget elementor-widget-heading\" data-id=\"9d74458\" data-element_type=\"widget\" data-widget_type=\"heading.default\">\n\t\t\t\t<div class=\"elementor-widget-container\">\n\t\t\t<h4 class=\"elementor-heading-title elementor-size-default\">Viento en tiempo real:<\/h4>\t\t<\/div>\n\t\t\t\t<\/div>\n\t\t\t\t\t\t<\/div>\n\t\t\t\t\t<\/div>\n\t\t<\/div>\n\t\t\t\t\t\t\t\t<\/div>\n\t\t\t\t\t<\/div>\n\t\t<\/section>\n\t\t\t\t<section class=\"elementor-section elementor-top-section elementor-element elementor-element-a06a4b9 elementor-section-boxed elementor-section-height-default elementor-section-height-default\" data-id=\"a06a4b9\" data-element_type=\"section\">\n\t\t\t\t\t\t<div class=\"elementor-container elementor-column-gap-default\">\n\t\t\t\t\t\t\t<div class=\"elementor-row\">\n\t\t\t\t\t<div class=\"elementor-column elementor-col-100 elementor-top-column elementor-element elementor-element-292156c\" data-id=\"292156c\" data-element_type=\"column\">\n\t\t\t<div class=\"elementor-column-wrap elementor-element-populated\">\n\t\t\t\t\t\t\t<div class=\"elementor-widget-wrap\">\n\t\t\t\t\t\t<div class=\"elementor-element elementor-element-aaff496 elementor-widget elementor-widget-bdt-table\" data-id=\"aaff496\" data-element_type=\"widget\" data-widget_type=\"bdt-table.default\">\n\t\t\t\t<div class=\"elementor-widget-container\">\n\t\t\t\t\t<div class=\"bdt-table bdt-table-default-responsive \" id=\"bdt-table-aaff496\">\n\n\t\t\t\n\t\t\t<table><thead><tr><th>Lugar<\/th><th>Direcci\u00f3n<\/th><th>Velocidad<\/th><\/tr><\/thead><tbody><tr><td>Ayamonte [APPA]<\/td><td><img loading=\"lazy\" decoding=\"async\" src=\"https:\/\/www.puertosdeandalucia.es\/meteo\/meteo17\/WindDirection.gif\" alt=\"\" width=\"192\" height=\"192\" \/><\/td><td><img loading=\"lazy\" decoding=\"async\" src=\"https:\/\/www.puertosdeandalucia.es\/meteo\/meteo17\/WindSpeed.gif\" alt=\"\" width=\"192\" height=\"192\" \/><\/td><\/tr>\n\n<tr><td>Isla Cristina [APPA]<\/td><td><img loading=\"lazy\" decoding=\"async\" src=\"https:\/\/www.puertosdeandalucia.es\/meteo\/meteo16\/WindDirection.gif\" alt=\"\" width=\"192\" height=\"192\" \/><\/td><td><img loading=\"lazy\" decoding=\"async\" src=\"https:\/\/www.puertosdeandalucia.es\/meteo\/meteo16\/WindSpeed.gif\" alt=\"\" width=\"192\" height=\"192\" \/><\/td><\/tr>\n\n<tr><td>El Terr\u00f3n [APPA]<\/td><td><img loading=\"lazy\" decoding=\"async\" src=\"https:\/\/www.puertosdeandalucia.es\/meteo\/meteo21\/WindDirection.gif\" alt=\"\" width=\"192\" height=\"192\" \/><\/td><td><img loading=\"lazy\" decoding=\"async\" src=\"https:\/\/www.puertosdeandalucia.es\/meteo\/meteo21\/WindSpeed.gif\" alt=\"\" width=\"192\" height=\"192\" \/><\/td><\/tr>\n\n\n\n\n\n<tr><td>Punta Umbr\u00eda [APPA]<\/td><td><img loading=\"lazy\" decoding=\"async\" src=\"https:\/\/www.puertosdeandalucia.es\/meteo\/meteo13\/WindDirection.gif\" alt=\"\" width=\"192\" height=\"192\" \/><\/td><td><img loading=\"lazy\" decoding=\"async\" src=\"https:\/\/www.puertosdeandalucia.es\/meteo\/meteo13\/WindSpeed.gif\" alt=\"\" width=\"192\" height=\"192\" \/><\/td><\/tr>\n<tr><td>Mazag\u00f3n [APPA]<\/td><td><img loading=\"lazy\" decoding=\"async\" src=\"https:\/\/www.puertosdeandalucia.es\/meteo\/meteo12\/WindDirection.gif\" alt=\"\" width=\"192\" height=\"192\" \/><\/td><td><img loading=\"lazy\" decoding=\"async\" src=\"https:\/\/www.puertosdeandalucia.es\/meteo\/meteo12\/WindSpeed.gif\" alt=\"\" width=\"192\" height=\"192\" \/><\/td><\/tr>\n\n<\/tbody><\/table>\t\t\t\t\n\t\t\t\n\t\t<\/div>\n\t\t\t\t<\/div>\n\t\t\t\t<\/div>\n\t\t\t\t\t\t<\/div>\n\t\t\t\t\t<\/div>\n\t\t<\/div>\n\t\t\t\t\t\t\t\t<\/div>\n\t\t\t\t\t<\/div>\n\t\t<\/section>\n\t\t\t\t<section class=\"elementor-section elementor-top-section elementor-element elementor-element-831f1a1 elementor-section-boxed elementor-section-height-default elementor-section-height-default\" data-id=\"831f1a1\" data-element_type=\"section\">\n\t\t\t\t\t\t<div class=\"elementor-container elementor-column-gap-default\">\n\t\t\t\t\t\t\t<div class=\"elementor-row\">\n\t\t\t\t\t<div class=\"elementor-column elementor-col-100 elementor-top-column elementor-element elementor-element-942a81a\" data-id=\"942a81a\" data-element_type=\"column\">\n\t\t\t<div class=\"elementor-column-wrap elementor-element-populated\">\n\t\t\t\t\t\t\t<div class=\"elementor-widget-wrap\">\n\t\t\t\t\t\t<div class=\"elementor-element elementor-element-41c7c6e elementor-widget elementor-widget-heading\" data-id=\"41c7c6e\" data-element_type=\"widget\" data-widget_type=\"heading.default\">\n\t\t\t\t<div class=\"elementor-widget-container\">\n\t\t\t<h4 class=\"elementor-heading-title elementor-size-default\">Enlaces de P\u00e1ginas Externas:<\/h4>\t\t<\/div>\n\t\t\t\t<\/div>\n\t\t\t\t\t\t<\/div>\n\t\t\t\t\t<\/div>\n\t\t<\/div>\n\t\t\t\t\t\t\t\t<\/div>\n\t\t\t\t\t<\/div>\n\t\t<\/section>\n\t\t\t\t<section class=\"elementor-section elementor-top-section elementor-element elementor-element-a11fe04 elementor-section-boxed elementor-section-height-default elementor-section-height-default\" data-id=\"a11fe04\" data-element_type=\"section\">\n\t\t\t\t\t\t<div class=\"elementor-container elementor-column-gap-default\">\n\t\t\t\t\t\t\t<div class=\"elementor-row\">\n\t\t\t\t\t<div class=\"elementor-column elementor-col-100 elementor-top-column elementor-element elementor-element-b4c2fa1\" data-id=\"b4c2fa1\" data-element_type=\"column\">\n\t\t\t<div class=\"elementor-column-wrap elementor-element-populated\">\n\t\t\t\t\t\t\t<div class=\"elementor-widget-wrap\">\n\t\t\t\t\t\t<div class=\"elementor-element elementor-element-6ea8d4f elementor-widget elementor-widget-text-editor\" data-id=\"6ea8d4f\" data-element_type=\"widget\" data-widget_type=\"text-editor.default\">\n\t\t\t\t<div class=\"elementor-widget-container\">\n\t\t\t\t\t\t\t\t<div class=\"elementor-text-editor elementor-clearfix\">\n\t\t\t\t\t<p><a href=\"https:\/\/www.windguru.cz\/map\/spot\/?lat=37.12419132789795&amp;lon=-7.348480224609375&amp;zoom=10\"><img loading=\"lazy\" decoding=\"async\" class=\"alignnone  wp-image-3730\" src=\"http:\/\/www.regatacrucero.com\/wp-content\/uploads\/2021\/12\/descarga.png\" alt=\"\" width=\"118\" height=\"118\" srcset=\"https:\/\/www.regatacrucero.com\/wp-content\/uploads\/2021\/12\/descarga.png 225w, https:\/\/www.regatacrucero.com\/wp-content\/uploads\/2021\/12\/descarga-150x150.png 150w\" sizes=\"auto, (max-width: 118px) 100vw, 118px\" \/><\/a><\/p><p><a href=\"https:\/\/www.windfinder.com\/#10\/37.1970\/-6.8802\"><img loading=\"lazy\" decoding=\"async\" class=\"alignnone  wp-image-3738\" src=\"http:\/\/www.regatacrucero.com\/wp-content\/uploads\/2021\/12\/descarga-1.jpg\" alt=\"\" width=\"121\" height=\"121\" srcset=\"https:\/\/www.regatacrucero.com\/wp-content\/uploads\/2021\/12\/descarga-1.jpg 225w, https:\/\/www.regatacrucero.com\/wp-content\/uploads\/2021\/12\/descarga-1-150x150.jpg 150w\" sizes=\"auto, (max-width: 121px) 100vw, 121px\" \/><\/a><\/p><p>\u00a0<\/p><p><a href=\"https:\/\/www.windy.com\/?37.189,-7.201,11\"><img loading=\"lazy\" decoding=\"async\" class=\"alignnone  wp-image-3745\" src=\"http:\/\/www.regatacrucero.com\/wp-content\/uploads\/2021\/12\/images.jpg\" alt=\"\" width=\"82\" height=\"82\" srcset=\"https:\/\/www.regatacrucero.com\/wp-content\/uploads\/2021\/12\/images.jpg 170w, https:\/\/www.regatacrucero.com\/wp-content\/uploads\/2021\/12\/images-150x150.jpg 150w\" sizes=\"auto, (max-width: 82px) 100vw, 82px\" \/><\/a><\/p><p>\u00a0<\/p>\t\t\t\t\t<\/div>\n\t\t\t\t\t\t<\/div>\n\t\t\t\t<\/div>\n\t\t\t\t\t\t<\/div>\n\t\t\t\t\t<\/div>\n\t\t<\/div>\n\t\t\t\t\t\t\t\t<\/div>\n\t\t\t\t\t<\/div>\n\t\t<\/section>\n\t\t\t\t\t\t<\/div>\n\t\t\t\t\t\t<\/div>\n\t\t\t\t\t<\/div>\n\t\t","protected":false},"excerpt":{"rendered":"<p>Viento en tiempo real: Lugar Direcci\u00f3n Velocidad Ayamonte [APPA] Isla Cristina [APPA] El Terr\u00f3n [APPA] Punta Umbr\u00eda [APPA] Mazag\u00f3n [APPA] Enlaces de P\u00e1ginas Externas: \u00a0 \u00a0<\/p>\n","protected":false},"author":2,"featured_media":566,"parent":0,"menu_order":0,"comment_status":"closed","ping_status":"closed","template":"","meta":{"_monsterinsights_skip_tracking":false,"_monsterinsights_sitenote_active":false,"_monsterinsights_sitenote_note":"","_monsterinsights_sitenote_category":0,"footnotes":""},"class_list":["post-53","page","type-page","status-publish","has-post-thumbnail","hentry"],"_links":{"self":[{"href":"https:\/\/www.regatacrucero.com\/index.php\/wp-json\/wp\/v2\/pages\/53","targetHints":{"allow":["GET"]}}],"collection":[{"href":"https:\/\/www.regatacrucero.com\/index.php\/wp-json\/wp\/v2\/pages"}],"about":[{"href":"https:\/\/www.regatacrucero.com\/index.php\/wp-json\/wp\/v2\/types\/page"}],"author":[{"embeddable":true,"href":"https:\/\/www.regatacrucero.com\/index.php\/wp-json\/wp\/v2\/users\/2"}],"replies":[{"embeddable":true,"href":"https:\/\/www.regatacrucero.com\/index.php\/wp-json\/wp\/v2\/comments?post=53"}],"version-history":[{"count":108,"href":"https:\/\/www.regatacrucero.com\/index.php\/wp-json\/wp\/v2\/pages\/53\/revisions"}],"predecessor-version":[{"id":3754,"href":"https:\/\/www.regatacrucero.com\/index.php\/wp-json\/wp\/v2\/pages\/53\/revisions\/3754"}],"wp:featuredmedia":[{"embeddable":true,"href":"https:\/\/www.regatacrucero.com\/index.php\/wp-json\/wp\/v2\/media\/566"}],"wp:attachment":[{"href":"https:\/\/www.regatacrucero.com\/index.php\/wp-json\/wp\/v2\/media?parent=53"}],"curies":[{"name":"wp","href":"https:\/\/api.w.org\/{rel}","templated":true}]}}