{"id":6982,"date":"2024-12-01T18:00:00","date_gmt":"2024-12-01T16:00:00","guid":{"rendered":"https:\/\/www.regatacrucero.com\/?page_id=6982"},"modified":"2026-02-11T09:14:16","modified_gmt":"2026-02-11T07:14:16","slug":"i-regata-marina-del-odiel-club-atlantico","status":"publish","type":"page","link":"https:\/\/www.regatacrucero.com\/index.php\/xxxiii-regata-descubridores-del-12-al-14-de-junio\/xlii-regata-internacional-la-farola-17-18-de-agosto-2024\/i-regata-marina-del-odiel-club-atlantico\/","title":{"rendered":"III Regata Marina del Odiel Club Atl\u00e1ntico 5 septiembre de 2026"},"content":{"rendered":"\t\t<div data-elementor-type=\"wp-page\" data-elementor-id=\"6982\" class=\"elementor elementor-6982\" data-elementor-settings=\"[]\">\n\t\t\t\t\t\t<div class=\"elementor-inner\">\n\t\t\t\t\t\t\t<div class=\"elementor-section-wrap\">\n\t\t\t\t\t\t\t<section class=\"elementor-section elementor-top-section elementor-element elementor-element-2fbc928 elementor-section-boxed elementor-section-height-default elementor-section-height-default\" data-id=\"2fbc928\" data-element_type=\"section\">\n\t\t\t\t\t\t<div class=\"elementor-container elementor-column-gap-default\">\n\t\t\t\t\t\t\t<div class=\"elementor-row\">\n\t\t\t\t\t<div class=\"elementor-column elementor-col-100 elementor-top-column elementor-element elementor-element-0472740\" data-id=\"0472740\" data-element_type=\"column\">\n\t\t\t<div class=\"elementor-column-wrap elementor-element-populated\">\n\t\t\t\t\t\t\t<div class=\"elementor-widget-wrap\">\n\t\t\t\t\t\t<div class=\"elementor-element elementor-element-f1bcb82 elementor-widget elementor-widget-bdt-tabs\" data-id=\"f1bcb82\" data-element_type=\"widget\" data-widget_type=\"bdt-tabs.default\">\n\t\t\t\t<div class=\"elementor-widget-container\">\n\t\t\t\t\t<div id=\"bdt-tabs-f1bcb82\" class=\"bdt-tabs bdt-tabs-default\">\n\t\t\t\n\t\t\t\n\t\t\t\t\t<div >\n\t\t\t<div >\n\t\t\t\t<div class=\"bdt-tab bdt-tab-default bdt-flex-center\" bdt-tab=\"connect: #bdt-tab-content-f1bcb82;\">\n\t\t\t\t\t\t\t\t\t\t\t<div class=\"bdt-tabs-item bdt-active\">\n\t\t\t\t\t\t\t<a class=\"bdt-tabs-item-title\" href=\"#\" id=\"bdt-tab-anuncios\" data-tab-index=\"0\">\n\t\t\t\t\t\t\t\t<div class=\"bdt-tab-text-wrapper bdt-flex-column\">\n\n\t\t\t\t\t\t\t\t\t<div class=\"bdt-tab-title-icon-wrapper\">\n\n\t\t\t\t\t\t\t\t\t\t\t\t\t\t\t\t\t\t\t\t\t<span class=\"bdt-button-icon-align-left\">\n\n\t\t\t\t\t\t\t\t\t\t\t\t<i aria-hidden=\"true\" class=\"fa-fw far fa-file-alt\"><\/i>\n\t\t\t\t\t\t\t\t\t\t\t<\/span>\n\t\t\t\t\t\t\t\t\t\t\n\t\t\t\t\t\t\t\t\t\t\t\t\t\t\t\t\t\t\t\t\t<span class=\"bdt-tab-text\">Anuncios<\/span>\n\t\t\t\t\t\t\t\t\t\t\n\t\t\t\t\t\t\t\t\t\t\n\t\t\t\t\t\t\t\t\t<\/div>\n\n\t\t\t\t\t\t\t\t\t\n\t\t\t\t\t\t\t\t<\/div>\n\t\t\t\t\t\t\t<\/a>\n\t\t\t\t\t\t<\/div>\n\t\t\t\t\t\t\t\t\t\t\t<div class=\"bdt-tabs-item\">\n\t\t\t\t\t\t\t<a class=\"bdt-tabs-item-title\" href=\"#\" id=\"bdt-tab-instrucciones\" data-tab-index=\"1\">\n\t\t\t\t\t\t\t\t<div class=\"bdt-tab-text-wrapper bdt-flex-column\">\n\n\t\t\t\t\t\t\t\t\t<div class=\"bdt-tab-title-icon-wrapper\">\n\n\t\t\t\t\t\t\t\t\t\t\t\t\t\t\t\t\t\t\t\t\t<span class=\"bdt-button-icon-align-left\">\n\n\t\t\t\t\t\t\t\t\t\t\t\t<i aria-hidden=\"true\" class=\"fa-fw far fa-map\"><\/i>\n\t\t\t\t\t\t\t\t\t\t\t<\/span>\n\t\t\t\t\t\t\t\t\t\t\n\t\t\t\t\t\t\t\t\t\t\t\t\t\t\t\t\t\t\t\t\t<span class=\"bdt-tab-text\">Instrucciones<\/span>\n\t\t\t\t\t\t\t\t\t\t\n\t\t\t\t\t\t\t\t\t\t\n\t\t\t\t\t\t\t\t\t<\/div>\n\n\t\t\t\t\t\t\t\t\t\n\t\t\t\t\t\t\t\t<\/div>\n\t\t\t\t\t\t\t<\/a>\n\t\t\t\t\t\t<\/div>\n\t\t\t\t\t\t\t\t\t\t\t<div class=\"bdt-tabs-item\">\n\t\t\t\t\t\t\t<a class=\"bdt-tabs-item-title\" href=\"#\" id=\"bdt-tab-pre-inscritos\" data-tab-index=\"2\">\n\t\t\t\t\t\t\t\t<div class=\"bdt-tab-text-wrapper bdt-flex-column\">\n\n\t\t\t\t\t\t\t\t\t<div class=\"bdt-tab-title-icon-wrapper\">\n\n\t\t\t\t\t\t\t\t\t\t\t\t\t\t\t\t\t\t\t\t\t<span class=\"bdt-button-icon-align-left\">\n\n\t\t\t\t\t\t\t\t\t\t\t\t<i aria-hidden=\"true\" class=\"fa-fw fas fa-clipboard-list\"><\/i>\n\t\t\t\t\t\t\t\t\t\t\t<\/span>\n\t\t\t\t\t\t\t\t\t\t\n\t\t\t\t\t\t\t\t\t\t\t\t\t\t\t\t\t\t\t\t\t<span class=\"bdt-tab-text\">Pre-Inscritos<\/span>\n\t\t\t\t\t\t\t\t\t\t\n\t\t\t\t\t\t\t\t\t\t\n\t\t\t\t\t\t\t\t\t<\/div>\n\n\t\t\t\t\t\t\t\t\t\n\t\t\t\t\t\t\t\t<\/div>\n\t\t\t\t\t\t\t<\/a>\n\t\t\t\t\t\t<\/div>\n\t\t\t\t\t\t\t\t\t\t\t<div class=\"bdt-tabs-item\">\n\t\t\t\t\t\t\t<a class=\"bdt-tabs-item-title\" href=\"#\" id=\"bdt-tab-inscritos\" data-tab-index=\"3\">\n\t\t\t\t\t\t\t\t<div class=\"bdt-tab-text-wrapper bdt-flex-column\">\n\n\t\t\t\t\t\t\t\t\t<div class=\"bdt-tab-title-icon-wrapper\">\n\n\t\t\t\t\t\t\t\t\t\t\t\t\t\t\t\t\t\t\t\t\t<span class=\"bdt-button-icon-align-left\">\n\n\t\t\t\t\t\t\t\t\t\t\t\t<i aria-hidden=\"true\" class=\"fa-fw far fa-list-alt\"><\/i>\n\t\t\t\t\t\t\t\t\t\t\t<\/span>\n\t\t\t\t\t\t\t\t\t\t\n\t\t\t\t\t\t\t\t\t\t\t\t\t\t\t\t\t\t\t\t\t<span class=\"bdt-tab-text\">Inscritos<\/span>\n\t\t\t\t\t\t\t\t\t\t\n\t\t\t\t\t\t\t\t\t\t\n\t\t\t\t\t\t\t\t\t<\/div>\n\n\t\t\t\t\t\t\t\t\t\n\t\t\t\t\t\t\t\t<\/div>\n\t\t\t\t\t\t\t<\/a>\n\t\t\t\t\t\t<\/div>\n\t\t\t\t\t\t\t\t\t\t\t<div class=\"bdt-tabs-item\">\n\t\t\t\t\t\t\t<a class=\"bdt-tabs-item-title\" href=\"#\" id=\"bdt-tab-resultados\" data-tab-index=\"4\">\n\t\t\t\t\t\t\t\t<div class=\"bdt-tab-text-wrapper bdt-flex-column\">\n\n\t\t\t\t\t\t\t\t\t<div class=\"bdt-tab-title-icon-wrapper\">\n\n\t\t\t\t\t\t\t\t\t\t\t\t\t\t\t\t\t\t\t\t\t<span class=\"bdt-button-icon-align-left\">\n\n\t\t\t\t\t\t\t\t\t\t\t\t<i aria-hidden=\"true\" class=\"fa-fw fas fa-trophy\"><\/i>\n\t\t\t\t\t\t\t\t\t\t\t<\/span>\n\t\t\t\t\t\t\t\t\t\t\n\t\t\t\t\t\t\t\t\t\t\t\t\t\t\t\t\t\t\t\t\t<span class=\"bdt-tab-text\">Resultados<\/span>\n\t\t\t\t\t\t\t\t\t\t\n\t\t\t\t\t\t\t\t\t\t\n\t\t\t\t\t\t\t\t\t<\/div>\n\n\t\t\t\t\t\t\t\t\t\n\t\t\t\t\t\t\t\t<\/div>\n\t\t\t\t\t\t\t<\/a>\n\t\t\t\t\t\t<\/div>\n\t\t\t\t\t\t\t\t\t\t\t<div class=\"bdt-tabs-item\">\n\t\t\t\t\t\t\t<a class=\"bdt-tabs-item-title\" href=\"#\" id=\"bdt-tab-toa\" data-tab-index=\"5\">\n\t\t\t\t\t\t\t\t<div class=\"bdt-tab-text-wrapper bdt-flex-column\">\n\n\t\t\t\t\t\t\t\t\t<div class=\"bdt-tab-title-icon-wrapper\">\n\n\t\t\t\t\t\t\t\t\t\t\t\t\t\t\t\t\t\t\t\t\t<span class=\"bdt-button-icon-align-left\">\n\n\t\t\t\t\t\t\t\t\t\t\t\t<i aria-hidden=\"true\" class=\"fa-fw fas fa-clipboard-list\"><\/i>\n\t\t\t\t\t\t\t\t\t\t\t<\/span>\n\t\t\t\t\t\t\t\t\t\t\n\t\t\t\t\t\t\t\t\t\t\t\t\t\t\t\t\t\t\t\t\t<span class=\"bdt-tab-text\">T.O.A<\/span>\n\t\t\t\t\t\t\t\t\t\t\n\t\t\t\t\t\t\t\t\t\t\n\t\t\t\t\t\t\t\t\t<\/div>\n\n\t\t\t\t\t\t\t\t\t\n\t\t\t\t\t\t\t\t<\/div>\n\t\t\t\t\t\t\t<\/a>\n\t\t\t\t\t\t<\/div>\n\t\t\t\t\t\t\t\t\t\t\t<div class=\"bdt-tabs-item\">\n\t\t\t\t\t\t\t<a class=\"bdt-tabs-item-title\" href=\"#\" id=\"bdt-tab-media\" data-tab-index=\"6\">\n\t\t\t\t\t\t\t\t<div class=\"bdt-tab-text-wrapper bdt-flex-column\">\n\n\t\t\t\t\t\t\t\t\t<div class=\"bdt-tab-title-icon-wrapper\">\n\n\t\t\t\t\t\t\t\t\t\t\t\t\t\t\t\t\t\t\t\t\t<span class=\"bdt-button-icon-align-left\">\n\n\t\t\t\t\t\t\t\t\t\t\t\t<i aria-hidden=\"true\" class=\"fa-fw fas fa-photo-video\"><\/i>\n\t\t\t\t\t\t\t\t\t\t\t<\/span>\n\t\t\t\t\t\t\t\t\t\t\n\t\t\t\t\t\t\t\t\t\t\t\t\t\t\t\t\t\t\t\t\t<span class=\"bdt-tab-text\">Media<\/span>\n\t\t\t\t\t\t\t\t\t\t\n\t\t\t\t\t\t\t\t\t\t\n\t\t\t\t\t\t\t\t\t<\/div>\n\n\t\t\t\t\t\t\t\t\t\n\t\t\t\t\t\t\t\t<\/div>\n\t\t\t\t\t\t\t<\/a>\n\t\t\t\t\t\t<\/div>\n\t\t\t\t\t\t\t\t\t\t\t<div class=\"bdt-tabs-item\">\n\t\t\t\t\t\t\t<a class=\"bdt-tabs-item-title\" href=\"#\" id=\"bdt-tab-formulario-de-preinscripcin\" data-tab-index=\"7\">\n\t\t\t\t\t\t\t\t<div class=\"bdt-tab-text-wrapper bdt-flex-column\">\n\n\t\t\t\t\t\t\t\t\t<div class=\"bdt-tab-title-icon-wrapper\">\n\n\t\t\t\t\t\t\t\t\t\t\t\t\t\t\t\t\t\t\t\t\t<span class=\"bdt-button-icon-align-left\">\n\n\t\t\t\t\t\t\t\t\t\t\t\t<i aria-hidden=\"true\" class=\"fa-fw fas fa-prescription-bottle\"><\/i>\n\t\t\t\t\t\t\t\t\t\t\t<\/span>\n\t\t\t\t\t\t\t\t\t\t\n\t\t\t\t\t\t\t\t\t\t\t\t\t\t\t\t\t\t\t\t\t<span class=\"bdt-tab-text\">Formulario de preinscripci\u00f3n<\/span>\n\t\t\t\t\t\t\t\t\t\t\n\t\t\t\t\t\t\t\t\t\t\n\t\t\t\t\t\t\t\t\t<\/div>\n\n\t\t\t\t\t\t\t\t\t\n\t\t\t\t\t\t\t\t<\/div>\n\t\t\t\t\t\t\t<\/a>\n\t\t\t\t\t\t<\/div>\n\t\t\t\t\t\t\t\t\t\t\t<div class=\"bdt-tabs-item\">\n\t\t\t\t\t\t\t<a class=\"bdt-tabs-item-title\" href=\"#\" id=\"bdt-tab-certificados-orc-barcos-inscritos\" data-tab-index=\"8\">\n\t\t\t\t\t\t\t\t<div class=\"bdt-tab-text-wrapper bdt-flex-column\">\n\n\t\t\t\t\t\t\t\t\t<div class=\"bdt-tab-title-icon-wrapper\">\n\n\t\t\t\t\t\t\t\t\t\t\t\t\t\t\t\t\t\t\t\t\t<span class=\"bdt-button-icon-align-left\">\n\n\t\t\t\t\t\t\t\t\t\t\t\t<i aria-hidden=\"true\" class=\"fa-fw fas fa-atlas\"><\/i>\n\t\t\t\t\t\t\t\t\t\t\t<\/span>\n\t\t\t\t\t\t\t\t\t\t\n\t\t\t\t\t\t\t\t\t\t\t\t\t\t\t\t\t\t\t\t\t<span class=\"bdt-tab-text\">Certificados ORC Barcos inscritos<\/span>\n\t\t\t\t\t\t\t\t\t\t\n\t\t\t\t\t\t\t\t\t\t\n\t\t\t\t\t\t\t\t\t<\/div>\n\n\t\t\t\t\t\t\t\t\t\n\t\t\t\t\t\t\t\t<\/div>\n\t\t\t\t\t\t\t<\/a>\n\t\t\t\t\t\t<\/div>\n\t\t\t\t\t\t\t\t\t<\/div>\n\t\t\t<\/div>\n\t\t<\/div>\n\t\t\t\t\t\n\n\t\t\t\t\t\t\t\t\n\t\t<div class=\"bdt-switcher-wrapper\">\n\t\t\t<div id=\"bdt-tab-content-f1bcb82\" class=\"bdt-switcher bdt-switcher-item-content\">\n\t\t\t\t\t\t\t\t\t<div>\n\t\t\t\t\t\t<div>\n\t\t\t\t\t\t\t\t\t\t\t\t\t<\/div>\n\t\t\t\t\t<\/div>\n\t\t\t\t\t\t\t\t\t<div>\n\t\t\t\t\t\t<div>\n\t\t\t\t\t\t\t\t\t\t\t\t\t<\/div>\n\t\t\t\t\t<\/div>\n\t\t\t\t\t\t\t\t\t<div>\n\t\t\t\t\t\t<div>\n\t\t\t\t\t\t\t<table class=\"wpforms-frontend-entries\"><thead><tr><th>Nombre de la embarcaci\u00f3n<\/th><\/tr><\/thead><tbody><tr><td>AJABAJA<\/td><\/tr><tr><td>william martin ba\u00f1yarte inalco<\/td><\/tr><tr><td>RUSALKA<\/td><\/tr><tr><td>GRIMOR FRIGASEN<\/td><\/tr><tr><td>xic<\/td><\/tr><tr><td>Anfitria III<\/td><\/tr><\/tbody><\/table>\t\t\t\t\t\t<\/div>\n\t\t\t\t\t<\/div>\n\t\t\t\t\t\t\t\t\t<div>\n\t\t\t\t\t\t<div>\n\t\t\t\t\t\t\t\t\t\t\t\t\t<\/div>\n\t\t\t\t\t<\/div>\n\t\t\t\t\t\t\t\t\t<div>\n\t\t\t\t\t\t<div>\n\t\t\t\t\t\t\t<p><a href=\"https:\/\/www.regatacrucero.com\/index.php\/resultados-i-regata-marina-del-odiel-club-atlantico\/\"><span style=\"color: #999999;\"><strong>Resultados<\/strong><\/span><\/a><\/p>\t\t\t\t\t\t<\/div>\n\t\t\t\t\t<\/div>\n\t\t\t\t\t\t\t\t\t<div>\n\t\t\t\t\t\t<div>\n\t\t\t\t\t\t\t<ul><li><a href=\"http:\/\/www.regatacrucero.com\/index.php\/formularios-papeleria-de-regata\"><strong><span style=\"color: #999999;\">Formularios Papeler\u00eda de la\u00a0 Regata<\/span><\/strong><\/a><span style=\"color: #ff0000;\"><strong><br \/><\/strong><\/span><\/li><li><a href=\"https:\/\/www.regatacrucero.com\/index.php\/protocolos-covid-19\"><span style=\"color: #ff0000;\"><strong>Protocolos Covid-19<\/strong><\/span><\/a><\/li><\/ul>\t\t\t\t\t\t<\/div>\n\t\t\t\t\t<\/div>\n\t\t\t\t\t\t\t\t\t<div>\n\t\t\t\t\t\t<div>\n\t\t\t\t\t\t\t<ul><li><strong><span style=\"color: #ff0000;\">Pr\u00f3ximamente.<\/span><\/strong><\/li><\/ul>\t\t\t\t\t\t<\/div>\n\t\t\t\t\t<\/div>\n\t\t\t\t\t\t\t\t\t<div>\n\t\t\t\t\t\t<div>\n\t\t\t\t\t\t\t<ul><li><span style=\"color: #ff0000;\"><strong><a style=\"color: #ff0000;\" href=\"http:\/\/www.regatacrucero.com\/wp-content\/uploads\/2021\/12\/Hoja-de-Inscripcion.pdf\">Hoja de Inscripci\u00f3n<\/a><\/strong><\/span><\/li><li><span style=\"color: #ff0000;\"><strong><a style=\"color: #ff0000;\" href=\"http:\/\/www.regatacrucero.com\/wp-content\/uploads\/2024\/08\/Formulario-seguridad-Categoria-4-2024.pdf\">Formulario seguridad Categor\u00eda 4<\/a><\/strong><\/span><\/li><\/ul><div class=\"wpforms-container wpforms-container-full\" id=\"wpforms-7016\"><form id=\"wpforms-form-7016\" class=\"wpforms-validate wpforms-form\" data-formid=\"7016\" method=\"post\" enctype=\"multipart\/form-data\" action=\"\/index.php\/wp-json\/wp\/v2\/pages\/6982\"><div class=\"wpforms-field-container\"><div id=\"wpforms-7016-field_14-container\" class=\"wpforms-field wpforms-field-select\" data-field-id=\"14\"><label class=\"wpforms-field-label\" for=\"wpforms-7016-field_14\">Nombre de la regata<\/label><select name=\"wpforms[fields][14]\" id=\"wpforms-7016-field_14\" class=\"wpforms-field-large\" ><option value=\"\" ><\/option><option value=\"XII Liga Interclubes de Huelva 2026\" >XII Liga Interclubes de Huelva 2026<\/option><option value=\"II Regata Marina del Odiel Club Atl\u00e1ntico\" >II Regata Marina del Odiel Club Atl\u00e1ntico<\/option><\/select><\/div><div id=\"wpforms-7016-field_4-container\" class=\"wpforms-field wpforms-field-email\" data-field-id=\"4\"><label class=\"wpforms-field-label\" for=\"wpforms-7016-field_4\">Email<\/label><div class=\"wpforms-field-row wpforms-field-large\"><div class=\"wpforms-field-row-block wpforms-one-half wpforms-first\"><input type=\"email\" id=\"wpforms-7016-field_4\" class=\"wpforms-field-email-primary\" name=\"wpforms[fields][4][primary]\" ><label for=\"wpforms-7016-field_4\" class=\"wpforms-field-sublabel after \">Email<\/label><\/div><div class=\"wpforms-field-row-block wpforms-one-half\"><input type=\"email\" id=\"wpforms-7016-field_4-secondary\" class=\"wpforms-field-email-secondary\" data-rule-confirm=\"#wpforms-7016-field_4\" name=\"wpforms[fields][4][secondary]\" ><label for=\"wpforms-7016-field_4-secondary\" class=\"wpforms-field-sublabel after \">Confirm Email<\/label><\/div><\/div><\/div><div id=\"wpforms-7016-field_6-container\" class=\"wpforms-field wpforms-field-text\" data-field-id=\"6\"><label class=\"wpforms-field-label\" for=\"wpforms-7016-field_6\">Nombre de la embarcaci\u00f3n<\/label><input type=\"text\" id=\"wpforms-7016-field_6\" class=\"wpforms-field-medium\" name=\"wpforms[fields][6]\" ><\/div><div id=\"wpforms-7016-field_7-container\" class=\"wpforms-field wpforms-field-file-upload\" data-field-id=\"7\"><label class=\"wpforms-field-label\" for=\"wpforms-7016-field_7\">Adjuntar hoja de inscripci\u00f3n<\/label><input type=\"file\" id=\"wpforms-7016-field_7\" data-rule-extension=\"pdf,docx,jpge\" data-rule-maxsize=\"8388608\" name=\"wpforms_7016_7\" ><\/div><div id=\"wpforms-7016-field_17-container\" class=\"wpforms-field wpforms-field-file-upload\" data-field-id=\"17\"><label class=\"wpforms-field-label\" for=\"wpforms-7016-field_17\">Adjuntar Listado de control categor\u00eda 4<\/label><input type=\"file\" id=\"wpforms-7016-field_17\" data-rule-extension=\"pdf,docx,jpge\" data-rule-maxsize=\"8388608\" name=\"wpforms_7016_17\" ><\/div><div id=\"wpforms-7016-field_10-container\" class=\"wpforms-field wpforms-field-file-upload\" data-field-id=\"10\"><label class=\"wpforms-field-label\" for=\"wpforms-7016-field_10\">Adjuntar licencias (todas en un mismo archivo)<\/label><input type=\"file\" id=\"wpforms-7016-field_10\" data-rule-extension=\"pdf,docx,jpge\" data-rule-maxsize=\"8388608\" name=\"wpforms_7016_10\" ><\/div><div id=\"wpforms-7016-field_11-container\" class=\"wpforms-field wpforms-field-file-upload\" data-field-id=\"11\"><label class=\"wpforms-field-label\" for=\"wpforms-7016-field_11\">Adjuntar recibo seguro<\/label><input type=\"file\" id=\"wpforms-7016-field_11\" data-rule-extension=\"pdf,docx,jpge\" data-rule-maxsize=\"8388608\" name=\"wpforms_7016_11\" ><\/div><div id=\"wpforms-7016-field_12-container\" class=\"wpforms-field wpforms-field-file-upload\" data-field-id=\"12\"><label class=\"wpforms-field-label\" for=\"wpforms-7016-field_12\">Adjuntar rating<\/label><input type=\"file\" id=\"wpforms-7016-field_12\" data-rule-extension=\"pdf,docx,jpge\" data-rule-maxsize=\"8388608\" name=\"wpforms_7016_12\" ><\/div><div id=\"wpforms-7016-field_13-container\" class=\"wpforms-field wpforms-field-file-upload\" data-field-id=\"13\"><label class=\"wpforms-field-label\" for=\"wpforms-7016-field_13\">Adjuntar recibo pago inscripci\u00f3n<\/label><input type=\"file\" id=\"wpforms-7016-field_13\" data-rule-extension=\"pdf,docx,jpge\" data-rule-maxsize=\"8388608\" name=\"wpforms_7016_13\" ><\/div><\/div><div class=\"wpforms-field wpforms-field-hp\"><label for=\"wpforms-field_hp\" class=\"wpforms-field-label\">Website<\/label><input type=\"text\" name=\"wpforms[hp]\" id=\"wpforms-field_hp\" class=\"wpforms-field-medium\"><\/div><div class=\"wpforms-submit-container\" ><input type=\"hidden\" name=\"wpforms[id]\" value=\"7016\"><input type=\"hidden\" name=\"wpforms[author]\" value=\"3\"><button type=\"submit\" name=\"wpforms[submit]\" class=\"wpforms-submit \" id=\"wpforms-submit-7016\" value=\"wpforms-submit\" data-alt-text=\"Sending...\">Enviar<\/button><\/div><\/form><\/div>\t\t\t\t\t\t<\/div>\n\t\t\t\t\t<\/div>\n\t\t\t\t\t\t\t\t\t<div>\n\t\t\t\t\t\t<div>\n\t\t\t\t\t\t\t<ul><li><strong><span style=\"color: #ff0000;\">Pr\u00f3ximamente.<\/span><\/strong><\/li><\/ul>\t\t\t\t\t\t<\/div>\n\t\t\t\t\t<\/div>\n\t\t\t\t\t\t\t<\/div>\n\t\t<\/div>\n\t\t\t\t\t\n\t\t\t\t\t\t<a href=\"#\" id=\"bottom-anchor-f1bcb82\" bdt-hidden><\/a>\n\t\t<\/div>\n\n\t\t\t\t<\/div>\n\t\t\t\t<\/div>\n\t\t\t\t\t\t<\/div>\n\t\t\t\t\t<\/div>\n\t\t<\/div>\n\t\t\t\t\t\t\t\t<\/div>\n\t\t\t\t\t<\/div>\n\t\t<\/section>\n\t\t\t\t\t\t<\/div>\n\t\t\t\t\t\t<\/div>\n\t\t\t\t\t<\/div>\n\t\t","protected":false},"excerpt":{"rendered":"<p>Anuncios Instrucciones Pre-Inscritos Inscritos Resultados T.O.A Media Formulario de preinscripci\u00f3n Certificados ORC Barcos inscritos Nombre de la embarcaci\u00f3n AJABAJA william martin ba\u00f1yarte inalco RUSALKA GRIMOR FRIGASEN xic Anfitria III Resultados Formularios Papeler\u00eda de la\u00a0 Regata Protocolos Covid-19 Pr\u00f3ximamente. Hoja de&#8230; <a class=\"more-link\" href=\"https:\/\/www.regatacrucero.com\/index.php\/xxxiii-regata-descubridores-del-12-al-14-de-junio\/xlii-regata-internacional-la-farola-17-18-de-agosto-2024\/i-regata-marina-del-odiel-club-atlantico\/\">Seguir leyendo &rarr;<\/a><\/p>\n","protected":false},"author":3,"featured_media":6994,"parent":6923,"menu_order":6,"comment_status":"closed","ping_status":"closed","template":"","meta":{"_monsterinsights_skip_tracking":false,"_monsterinsights_sitenote_active":false,"_monsterinsights_sitenote_note":"","_monsterinsights_sitenote_category":0,"footnotes":""},"class_list":["post-6982","page","type-page","status-publish","has-post-thumbnail","hentry"],"_links":{"self":[{"href":"https:\/\/www.regatacrucero.com\/index.php\/wp-json\/wp\/v2\/pages\/6982","targetHints":{"allow":["GET"]}}],"collection":[{"href":"https:\/\/www.regatacrucero.com\/index.php\/wp-json\/wp\/v2\/pages"}],"about":[{"href":"https:\/\/www.regatacrucero.com\/index.php\/wp-json\/wp\/v2\/types\/page"}],"author":[{"embeddable":true,"href":"https:\/\/www.regatacrucero.com\/index.php\/wp-json\/wp\/v2\/users\/3"}],"replies":[{"embeddable":true,"href":"https:\/\/www.regatacrucero.com\/index.php\/wp-json\/wp\/v2\/comments?post=6982"}],"version-history":[{"count":95,"href":"https:\/\/www.regatacrucero.com\/index.php\/wp-json\/wp\/v2\/pages\/6982\/revisions"}],"predecessor-version":[{"id":9001,"href":"https:\/\/www.regatacrucero.com\/index.php\/wp-json\/wp\/v2\/pages\/6982\/revisions\/9001"}],"up":[{"embeddable":true,"href":"https:\/\/www.regatacrucero.com\/index.php\/wp-json\/wp\/v2\/pages\/6923"}],"wp:featuredmedia":[{"embeddable":true,"href":"https:\/\/www.regatacrucero.com\/index.php\/wp-json\/wp\/v2\/media\/6994"}],"wp:attachment":[{"href":"https:\/\/www.regatacrucero.com\/index.php\/wp-json\/wp\/v2\/media?parent=6982"}],"curies":[{"name":"wp","href":"https:\/\/api.w.org\/{rel}","templated":true}]}}