{"id":8820,"date":"2025-12-19T10:40:03","date_gmt":"2025-12-19T08:40:03","guid":{"rendered":"https:\/\/www.regatacrucero.com\/?page_id=8820"},"modified":"2026-01-05T12:07:57","modified_gmt":"2026-01-05T10:07:57","slug":"formulario-de-protesta-reparacion-o-reapertura-2","status":"publish","type":"page","link":"https:\/\/www.regatacrucero.com\/index.php\/formulario-de-protesta-reparacion-o-reapertura-2\/","title":{"rendered":"FORMULARIO DE PROTESTA, REPARACI\u00d3N O REAPERTURA CLASE SNIPE"},"content":{"rendered":"\t\t<div data-elementor-type=\"wp-page\" data-elementor-id=\"8820\" class=\"elementor elementor-8820\" data-elementor-settings=\"[]\">\n\t\t\t\t\t\t<div class=\"elementor-inner\">\n\t\t\t\t\t\t\t<div class=\"elementor-section-wrap\">\n\t\t\t\t\t\t\t<section class=\"elementor-section elementor-top-section elementor-element elementor-element-afd48c5 elementor-section-boxed elementor-section-height-default elementor-section-height-default\" data-id=\"afd48c5\" data-element_type=\"section\">\n\t\t\t\t\t\t<div class=\"elementor-container elementor-column-gap-default\">\n\t\t\t\t\t\t\t<div class=\"elementor-row\">\n\t\t\t\t\t<div class=\"elementor-column elementor-col-100 elementor-top-column elementor-element elementor-element-e7b3427\" data-id=\"e7b3427\" data-element_type=\"column\">\n\t\t\t<div class=\"elementor-column-wrap elementor-element-populated\">\n\t\t\t\t\t\t\t<div class=\"elementor-widget-wrap\">\n\t\t\t\t\t\t<div class=\"elementor-element elementor-element-070732b elementor-button-align-stretch elementor-widget elementor-widget-form\" data-id=\"070732b\" data-element_type=\"widget\" data-settings=\"{&quot;step_next_label&quot;:&quot;Next&quot;,&quot;step_previous_label&quot;:&quot;Previous&quot;,&quot;button_width&quot;:&quot;100&quot;,&quot;step_type&quot;:&quot;number_text&quot;,&quot;step_icon_shape&quot;:&quot;circle&quot;}\" data-widget_type=\"form.default\">\n\t\t\t\t<div class=\"elementor-widget-container\">\n\t\t\t\t\t<form class=\"elementor-form\" method=\"post\" name=\"FORMULARIO DE PREGUNTAS\">\n\t\t\t<input type=\"hidden\" name=\"post_id\" value=\"8820\"\/>\n\t\t\t<input type=\"hidden\" name=\"form_id\" value=\"070732b\"\/>\n\t\t\t<input type=\"hidden\" name=\"referer_title\" value=\"\" \/>\n\n\t\t\t\n\t\t\t<div class=\"elementor-form-fields-wrapper elementor-labels-above\">\n\t\t\t\t\t\t\t\t<div class=\"elementor-field-type-date elementor-field-group elementor-column elementor-field-group-name elementor-col-50 elementor-field-required elementor-mark-required\">\n\t\t\t\t\t<label for=\"form-field-name\" class=\"elementor-field-label\">Fecha<\/label><input type=\"date\" name=\"form_fields[name]\" id=\"form-field-name\" class=\"elementor-field elementor-size-sm  elementor-field-textual elementor-date-field\" placeholder=\"Fecha\" required=\"required\" aria-required=\"true\" pattern=\"[0-9]{4}-[0-9]{2}-[0-9]{2}\">\t\t\t\t<\/div>\n\t\t\t\t\t\t\t\t<div class=\"elementor-field-type-text elementor-field-group elementor-column elementor-field-group-field_0fbbd47 elementor-col-50 elementor-field-required elementor-mark-required\">\n\t\t\t\t\t<label for=\"form-field-field_0fbbd47\" class=\"elementor-field-label\">N\u00famero de la prueba<\/label><input size=\"1\" type=\"text\" name=\"form_fields[field_0fbbd47]\" id=\"form-field-field_0fbbd47\" class=\"elementor-field elementor-size-sm  elementor-field-textual\" placeholder=\"N\u00famero de la prueba\" required=\"required\" aria-required=\"true\">\t\t\t\t<\/div>\n\t\t\t\t\t\t\t\t<div class=\"elementor-field-type-checkbox elementor-field-group elementor-column elementor-field-group-email elementor-col-75\">\n\t\t\t\t\t<label for=\"form-field-email\" class=\"elementor-field-label\">Tipo de audiencia<\/label><div class=\"elementor-field-subgroup  \"><span class=\"elementor-field-option\"><input type=\"checkbox\" value=\"PROTESTA\" id=\"form-field-email-0\" name=\"form_fields[email][]\"> <label for=\"form-field-email-0\">PROTESTA<\/label><\/span><span class=\"elementor-field-option\"><input type=\"checkbox\" value=\"PROTESTA POR EL C.R\" id=\"form-field-email-1\" name=\"form_fields[email][]\"> <label for=\"form-field-email-1\">PROTESTA POR EL C.R<\/label><\/span><span class=\"elementor-field-option\"><input type=\"checkbox\" value=\"PROTESTA POR EL C.P\" id=\"form-field-email-2\" name=\"form_fields[email][]\"> <label for=\"form-field-email-2\">PROTESTA POR EL C.P<\/label><\/span><span class=\"elementor-field-option\"><input type=\"checkbox\" value=\"PROTESTA POR EL C.T\" id=\"form-field-email-3\" name=\"form_fields[email][]\"> <label for=\"form-field-email-3\">PROTESTA POR EL C.T<\/label><\/span><span class=\"elementor-field-option\"><input type=\"checkbox\" value=\"SOLICITUD DE REAPERTURA\" id=\"form-field-email-4\" name=\"form_fields[email][]\"> <label for=\"form-field-email-4\">SOLICITUD DE REAPERTURA<\/label><\/span><span class=\"elementor-field-option\"><input type=\"checkbox\" value=\"REAPERTURA POR EL C.P\" id=\"form-field-email-5\" name=\"form_fields[email][]\"> <label for=\"form-field-email-5\">REAPERTURA POR EL C.P<\/label><\/span><span class=\"elementor-field-option\"><input type=\"checkbox\" value=\"SOLICITUD DE REPARACI\u00d3N\" id=\"form-field-email-6\" name=\"form_fields[email][]\"> <label for=\"form-field-email-6\">SOLICITUD DE REPARACI\u00d3N<\/label><\/span><span class=\"elementor-field-option\"><input type=\"checkbox\" value=\"SOLICITUD DE REPARACI\u00d3N POR EL C.R\" id=\"form-field-email-7\" name=\"form_fields[email][]\"> <label for=\"form-field-email-7\">SOLICITUD DE REPARACI\u00d3N POR EL C.R<\/label><\/span><span class=\"elementor-field-option\"><input type=\"checkbox\" value=\"SOLICITUD DE REPARACI\u00d3N POR EL C.P\" id=\"form-field-email-8\" name=\"form_fields[email][]\"> <label for=\"form-field-email-8\">SOLICITUD DE REPARACI\u00d3N POR EL C.P<\/label><\/span><span class=\"elementor-field-option\"><input type=\"checkbox\" value=\"SOLICITUD DE REPARACI\u00d3N POR EL C.T\" id=\"form-field-email-9\" name=\"form_fields[email][]\"> <label for=\"form-field-email-9\">SOLICITUD DE REPARACI\u00d3N POR EL C.T<\/label><\/span><span class=\"elementor-field-option\"><input type=\"checkbox\" value=\"OTRO\" id=\"form-field-email-10\" name=\"form_fields[email][]\"> <label for=\"form-field-email-10\">OTRO<\/label><\/span><\/div>\t\t\t\t<\/div>\n\t\t\t\t\t\t\t\t<div class=\"elementor-field-type-select elementor-field-group elementor-column elementor-field-group-message elementor-col-50 elementor-field-required elementor-mark-required\">\n\t\t\t\t\t<label for=\"form-field-message\" class=\"elementor-field-label\">Parte iniciadora<\/label>\t\t<div class=\"elementor-field elementor-select-wrapper \">\n\t\t\t<select name=\"form_fields[message]\" id=\"form-field-message\" class=\"elementor-field-textual elementor-size-sm\" required=\"required\" aria-required=\"true\">\n\t\t\t\t<option value=\"Barco\">Barco<\/option><option value=\"Comite de Regata\">Comite de Regata<\/option><option value=\"Comite de Protesta\">Comite de Protesta<\/option><option value=\"Comite T\u00e9cnico\">Comite T\u00e9cnico<\/option>\t\t\t<\/select>\n\t\t<\/div>\n\t\t\t\t\t\t<\/div>\n\t\t\t\t\t\t\t\t<div class=\"elementor-field-type-select elementor-field-group elementor-column elementor-field-group-field_b226cf7 elementor-col-50\">\n\t\t\t\t\t<label for=\"form-field-field_b226cf7\" class=\"elementor-field-label\">Clase<\/label>\t\t<div class=\"elementor-field elementor-select-wrapper \">\n\t\t\t<select name=\"form_fields[field_b226cf7]\" id=\"form-field-field_b226cf7\" class=\"elementor-field-textual elementor-size-sm\">\n\t\t\t\t<option value=\"SNIPE\">SNIPE<\/option>\t\t\t<\/select>\n\t\t<\/div>\n\t\t\t\t\t\t<\/div>\n\t\t\t\t\t\t\t\t<div class=\"elementor-field-type-text elementor-field-group elementor-column elementor-field-group-field_2841390 elementor-col-25\">\n\t\t\t\t\t<label for=\"form-field-field_2841390\" class=\"elementor-field-label\">N\u00famero de vela<\/label><input size=\"1\" type=\"text\" name=\"form_fields[field_2841390]\" id=\"form-field-field_2841390\" class=\"elementor-field elementor-size-sm  elementor-field-textual\" placeholder=\"N\u00famero de vela\">\t\t\t\t<\/div>\n\t\t\t\t\t\t\t\t<div class=\"elementor-field-type-text elementor-field-group elementor-column elementor-field-group-field_f57032f elementor-col-75 elementor-field-required elementor-mark-required\">\n\t\t\t\t\t<label for=\"form-field-field_f57032f\" class=\"elementor-field-label\">Nombre del barco<\/label><input size=\"1\" type=\"text\" name=\"form_fields[field_f57032f]\" id=\"form-field-field_f57032f\" class=\"elementor-field elementor-size-sm  elementor-field-textual\" placeholder=\"Nombre del barco\" required=\"required\" aria-required=\"true\">\t\t\t\t<\/div>\n\t\t\t\t\t\t\t\t<div class=\"elementor-field-type-email elementor-field-group elementor-column elementor-field-group-field_1b27198 elementor-col-100 elementor-field-required elementor-mark-required\">\n\t\t\t\t\t<label for=\"form-field-field_1b27198\" class=\"elementor-field-label\">Email<\/label><input size=\"1\" type=\"email\" name=\"form_fields[field_1b27198]\" id=\"form-field-field_1b27198\" class=\"elementor-field elementor-size-sm  elementor-field-textual\" placeholder=\"Email\" required=\"required\" aria-required=\"true\">\t\t\t\t<\/div>\n\t\t\t\t\t\t\t\t<div class=\"elementor-field-type-number elementor-field-group elementor-column elementor-field-group-field_0cea727 elementor-col-100 elementor-field-required elementor-mark-required\">\n\t\t\t\t\t<label for=\"form-field-field_0cea727\" class=\"elementor-field-label\">N\u00famero de telefono<\/label><input type=\"number\" name=\"form_fields[field_0cea727]\" id=\"form-field-field_0cea727\" class=\"elementor-field elementor-size-sm  elementor-field-textual\" placeholder=\"N\u00famero de telefono\" required=\"required\" aria-required=\"true\" min=\"\" max=\"\">\t\t\t\t<\/div>\n\t\t\t\t\t\t\t\t<div class=\"elementor-field-type-select elementor-field-group elementor-column elementor-field-group-field_ed0f2ae elementor-col-100 elementor-field-required elementor-mark-required\">\n\t\t\t\t\t<label for=\"form-field-field_ed0f2ae\" class=\"elementor-field-label\">Barco protestado o considerado para reparaci\u00f3n<\/label>\t\t<div class=\"elementor-field elementor-select-wrapper \">\n\t\t\t<select name=\"form_fields[field_ed0f2ae]\" id=\"form-field-field_ed0f2ae\" class=\"elementor-field-textual elementor-size-sm\" required=\"required\" aria-required=\"true\">\n\t\t\t\t<option value=\"Barco\">Barco<\/option><option value=\"Comite de Regata\">Comite de Regata<\/option><option value=\"Comite de Protesta\">Comite de Protesta<\/option><option value=\"Comite Tecnico\">Comite Tecnico<\/option><option value=\"Autoridad Organizadora\">Autoridad Organizadora<\/option><option value=\"Personal de apoyo\">Personal de apoyo<\/option><option value=\"Otro\">Otro<\/option><option value=\"\"><\/option>\t\t\t<\/select>\n\t\t<\/div>\n\t\t\t\t\t\t<\/div>\n\t\t\t\t\t\t\t\t<div class=\"elementor-field-type-select elementor-field-group elementor-column elementor-field-group-field_08596ad elementor-col-50\">\n\t\t\t\t\t<label for=\"form-field-field_08596ad\" class=\"elementor-field-label\">Clase<\/label>\t\t<div class=\"elementor-field elementor-select-wrapper \">\n\t\t\t<select name=\"form_fields[field_08596ad]\" id=\"form-field-field_08596ad\" class=\"elementor-field-textual elementor-size-sm\">\n\t\t\t\t<option value=\"SNIPE\">SNIPE<\/option>\t\t\t<\/select>\n\t\t<\/div>\n\t\t\t\t\t\t<\/div>\n\t\t\t\t\t\t\t\t<div class=\"elementor-field-type-text elementor-field-group elementor-column elementor-field-group-field_a3c076b elementor-col-25\">\n\t\t\t\t\t<label for=\"form-field-field_a3c076b\" class=\"elementor-field-label\">N\u00famero de vela<\/label><input size=\"1\" type=\"text\" name=\"form_fields[field_a3c076b]\" id=\"form-field-field_a3c076b\" class=\"elementor-field elementor-size-sm  elementor-field-textual\" placeholder=\"N\u00famero de vela\">\t\t\t\t<\/div>\n\t\t\t\t\t\t\t\t<div class=\"elementor-field-type-text elementor-field-group elementor-column elementor-field-group-field_9c42d96 elementor-col-75\">\n\t\t\t\t\t<label for=\"form-field-field_9c42d96\" class=\"elementor-field-label\">Nombre del barco<\/label><input size=\"1\" type=\"text\" name=\"form_fields[field_9c42d96]\" id=\"form-field-field_9c42d96\" class=\"elementor-field elementor-size-sm  elementor-field-textual\" placeholder=\"Nombre del barco\">\t\t\t\t<\/div>\n\t\t\t\t\t\t\t\t<div class=\"elementor-field-type-text elementor-field-group elementor-column elementor-field-group-field_4c44bed elementor-col-100\">\n\t\t\t\t\t<label for=\"form-field-field_4c44bed\" class=\"elementor-field-label\">Nombre del patr\u00f3n<\/label><input size=\"1\" type=\"text\" name=\"form_fields[field_4c44bed]\" id=\"form-field-field_4c44bed\" class=\"elementor-field elementor-size-sm  elementor-field-textual\" placeholder=\"Nombre del patr\u00f3n\">\t\t\t\t<\/div>\n\t\t\t\t\t\t\t\t<div class=\"elementor-field-type-text elementor-field-group elementor-column elementor-field-group-field_d6e42e2 elementor-col-100\">\n\t\t\t\t\t<label for=\"form-field-field_d6e42e2\" class=\"elementor-field-label\">Apellidos del patr\u00f3n<\/label><input size=\"1\" type=\"text\" name=\"form_fields[field_d6e42e2]\" id=\"form-field-field_d6e42e2\" class=\"elementor-field elementor-size-sm  elementor-field-textual\" placeholder=\"Apellidos del patr\u00f3n\">\t\t\t\t<\/div>\n\t\t\t\t\t\t\t\t<div class=\"elementor-field-type-text elementor-field-group elementor-column elementor-field-group-field_2d835c5 elementor-col-100\">\n\t\t\t\t\t<label for=\"form-field-field_2d835c5\" class=\"elementor-field-label\">Informaci\u00f3n del incidente<\/label><input size=\"1\" type=\"text\" name=\"form_fields[field_2d835c5]\" id=\"form-field-field_2d835c5\" class=\"elementor-field elementor-size-sm  elementor-field-textual\" placeholder=\"Tiempo y lugar\">\t\t\t\t<\/div>\n\t\t\t\t\t\t\t\t<div class=\"elementor-field-type-text elementor-field-group elementor-column elementor-field-group-field_7cbd4af elementor-col-100\">\n\t\t\t\t\t<label for=\"form-field-field_7cbd4af\" class=\"elementor-field-label\">Reglas<\/label><input size=\"1\" type=\"text\" name=\"form_fields[field_7cbd4af]\" id=\"form-field-field_7cbd4af\" class=\"elementor-field elementor-size-sm  elementor-field-textual\" placeholder=\"Reglas\">\t\t\t\t<\/div>\n\t\t\t\t\t\t\t\t<div class=\"elementor-field-type-text elementor-field-group elementor-column elementor-field-group-field_3a30051 elementor-col-100\">\n\t\t\t\t\t<label for=\"form-field-field_3a30051\" class=\"elementor-field-label\">Testigos<\/label><input size=\"1\" type=\"text\" name=\"form_fields[field_3a30051]\" id=\"form-field-field_3a30051\" class=\"elementor-field elementor-size-sm  elementor-field-textual\" placeholder=\"Testigos\">\t\t\t\t<\/div>\n\t\t\t\t\t\t\t\t<div class=\"elementor-field-type-checkbox elementor-field-group elementor-column elementor-field-group-field_80544d3 elementor-col-100\">\n\t\t\t\t\t<label for=\"form-field-field_80544d3\" class=\"elementor-field-label\">\u00bfC\u00f3mo inform\u00f3 al otro barco de su intenci\u00f3n de protestar?<\/label><div class=\"elementor-field-subgroup  \"><span class=\"elementor-field-option\"><input type=\"checkbox\" value=\"\u00bfcon un grito?\" id=\"form-field-field_80544d3-0\" name=\"form_fields[field_80544d3][]\"> <label for=\"form-field-field_80544d3-0\">\u00bfcon un grito?<\/label><\/span><span class=\"elementor-field-option\"><input type=\"checkbox\" value=\"\u00bfmostrando la bandera roja?\" id=\"form-field-field_80544d3-1\" name=\"form_fields[field_80544d3][]\"> <label for=\"form-field-field_80544d3-1\">\u00bfmostrando la bandera roja?<\/label><\/span><span class=\"elementor-field-option\"><input type=\"checkbox\" value=\"\u00bfDe alguna otra forma?\" id=\"form-field-field_80544d3-2\" name=\"form_fields[field_80544d3][]\"> <label for=\"form-field-field_80544d3-2\">\u00bfDe alguna otra forma?<\/label><\/span><\/div>\t\t\t\t<\/div>\n\t\t\t\t\t\t\t\t<div class=\"elementor-field-type-text elementor-field-group elementor-column elementor-field-group-field_3d76fce elementor-col-50\">\n\t\t\t\t\t<label for=\"form-field-field_3d76fce\" class=\"elementor-field-label\">\u00bfCuando?<\/label><input size=\"1\" type=\"text\" name=\"form_fields[field_3d76fce]\" id=\"form-field-field_3d76fce\" class=\"elementor-field elementor-size-sm  elementor-field-textual\" placeholder=\"\u00bfCuando?\">\t\t\t\t<\/div>\n\t\t\t\t\t\t\t\t<div class=\"elementor-field-type-text elementor-field-group elementor-column elementor-field-group-field_025cf49 elementor-col-50\">\n\t\t\t\t\t<label for=\"form-field-field_025cf49\" class=\"elementor-field-label\">\u00bfQue palabras us\u00f3?<\/label><input size=\"1\" type=\"text\" name=\"form_fields[field_025cf49]\" id=\"form-field-field_025cf49\" class=\"elementor-field elementor-size-sm  elementor-field-textual\" placeholder=\"\u00bfQue palabras us\u00f3?\">\t\t\t\t<\/div>\n\t\t\t\t\t\t\t\t<div class=\"elementor-field-type-textarea elementor-field-group elementor-column elementor-field-group-field_bcf89da elementor-col-100\">\n\t\t\t\t\t<label for=\"form-field-field_bcf89da\" class=\"elementor-field-label\">Descripci\u00f3n del incidente<\/label><textarea class=\"elementor-field-textual elementor-field  elementor-size-sm\" name=\"form_fields[field_bcf89da]\" id=\"form-field-field_bcf89da\" rows=\"4\" placeholder=\"Descripci\u00f3n del incidente\"><\/textarea>\t\t\t\t<\/div>\n\t\t\t\t\t\t\t\t<div class=\"elementor-field-type-upload elementor-field-group elementor-column elementor-field-group-field_62cfaeb elementor-col-100\">\n\t\t\t\t\t<label for=\"form-field-field_62cfaeb\" class=\"elementor-field-label\">Adjunte cualquier diagrama, formulario de protesta, im\u00e1genes de da\u00f1os o lesiones<\/label><input type=\"file\" name=\"form_fields[field_62cfaeb]\" id=\"form-field-field_62cfaeb\" class=\"elementor-field elementor-size-sm  elementor-upload-field\" data-maxsize=\"8\" data-maxsize-message=\"This file exceeds the maximum allowed size.\">\t\t\t\t<\/div>\n\t\t\t\t\t\t\t\t<div class=\"elementor-field-group elementor-column elementor-field-type-submit elementor-col-100 e-form__buttons\">\n\t\t\t\t\t<button type=\"submit\" class=\"elementor-button elementor-size-sm\">\n\t\t\t\t\t\t<span >\n\t\t\t\t\t\t\t\t\t\t\t\t\t\t\t<span class=\" elementor-button-icon\">\n\t\t\t\t\t\t\t\t\t\t\t\t\t\t\t\t\t\t\t\t\t\t\t\t\t\t<\/span>\n\t\t\t\t\t\t\t\t\t\t\t\t\t\t\t\t\t\t\t\t\t\t<span class=\"elementor-button-text\">Enviar<\/span>\n\t\t\t\t\t\t\t\t\t\t\t\t\t<\/span>\n\t\t\t\t\t<\/button>\n\t\t\t\t<\/div>\n\t\t\t<\/div>\n\t\t<\/form>\n\t\t\t\t<\/div>\n\t\t\t\t<\/div>\n\t\t\t\t\t\t<\/div>\n\t\t\t\t\t<\/div>\n\t\t<\/div>\n\t\t\t\t\t\t\t\t<\/div>\n\t\t\t\t\t<\/div>\n\t\t<\/section>\n\t\t\t\t\t\t<\/div>\n\t\t\t\t\t\t<\/div>\n\t\t\t\t\t<\/div>\n\t\t","protected":false},"excerpt":{"rendered":"","protected":false},"author":2,"featured_media":0,"parent":0,"menu_order":0,"comment_status":"closed","ping_status":"closed","template":"","meta":{"_monsterinsights_skip_tracking":false,"_monsterinsights_sitenote_active":false,"_monsterinsights_sitenote_note":"","_monsterinsights_sitenote_category":0,"footnotes":""},"class_list":["post-8820","page","type-page","status-publish","hentry"],"_links":{"self":[{"href":"https:\/\/www.regatacrucero.com\/index.php\/wp-json\/wp\/v2\/pages\/8820","targetHints":{"allow":["GET"]}}],"collection":[{"href":"https:\/\/www.regatacrucero.com\/index.php\/wp-json\/wp\/v2\/pages"}],"about":[{"href":"https:\/\/www.regatacrucero.com\/index.php\/wp-json\/wp\/v2\/types\/page"}],"author":[{"embeddable":true,"href":"https:\/\/www.regatacrucero.com\/index.php\/wp-json\/wp\/v2\/users\/2"}],"replies":[{"embeddable":true,"href":"https:\/\/www.regatacrucero.com\/index.php\/wp-json\/wp\/v2\/comments?post=8820"}],"version-history":[{"count":22,"href":"https:\/\/www.regatacrucero.com\/index.php\/wp-json\/wp\/v2\/pages\/8820\/revisions"}],"predecessor-version":[{"id":8920,"href":"https:\/\/www.regatacrucero.com\/index.php\/wp-json\/wp\/v2\/pages\/8820\/revisions\/8920"}],"wp:attachment":[{"href":"https:\/\/www.regatacrucero.com\/index.php\/wp-json\/wp\/v2\/media?parent=8820"}],"curies":[{"name":"wp","href":"https:\/\/api.w.org\/{rel}","templated":true}]}}